{"id":25,"date":"2024-04-08T09:01:38","date_gmt":"2024-04-08T09:01:38","guid":{"rendered":"https:\/\/kasutusluba.tangovara.eu\/kasutusluba\/meeskond\/"},"modified":"2024-08-17T10:26:29","modified_gmt":"2024-08-17T10:26:29","slug":"meeskond","status":"publish","type":"page","link":"https:\/\/kasutusluba.tangovara.eu\/kasutusluba\/meeskond\/","title":{"rendered":"Meeskond"},"content":{"rendered":"\n<div class=\"wp-block-group alignfull has-background-background-color has-background has-global-padding is-layout-constrained wp-block-group-is-layout-constrained\" style=\"margin-top:0;margin-bottom:0;padding-top:0\">\n<div class=\"wp-block-cover alignfull\" style=\"padding-top:0;padding-right:var(--wp--preset--spacing--30);padding-bottom:0;padding-left:var(--wp--preset--spacing--30);min-height:50px;aspect-ratio:unset;\"><span aria-hidden=\"true\" class=\"wp-block-cover__background has-black-background-color has-background-dim-60 has-background-dim\"><\/span><img loading=\"lazy\" decoding=\"async\" width=\"1280\" height=\"1074\" class=\"wp-block-cover__image-background wp-image-372\" alt=\"\" src=\"https:\/\/kasutusluba.tangovara.eu\/kasutusluba\/wp-content\/uploads\/2024\/08\/5b2f5bf6a1dd4f6dff7f47b0864e2c24ab4fc6c5.jpg\" style=\"object-position:43% 11%\" data-object-fit=\"cover\" data-object-position=\"43% 11%\" srcset=\"https:\/\/kasutusluba.tangovara.eu\/kasutusluba\/wp-content\/uploads\/2024\/08\/5b2f5bf6a1dd4f6dff7f47b0864e2c24ab4fc6c5.jpg 1280w, https:\/\/kasutusluba.tangovara.eu\/kasutusluba\/wp-content\/uploads\/2024\/08\/5b2f5bf6a1dd4f6dff7f47b0864e2c24ab4fc6c5-300x252.jpg 300w, https:\/\/kasutusluba.tangovara.eu\/kasutusluba\/wp-content\/uploads\/2024\/08\/5b2f5bf6a1dd4f6dff7f47b0864e2c24ab4fc6c5-1024x859.jpg 1024w, https:\/\/kasutusluba.tangovara.eu\/kasutusluba\/wp-content\/uploads\/2024\/08\/5b2f5bf6a1dd4f6dff7f47b0864e2c24ab4fc6c5-768x644.jpg 768w\" sizes=\"auto, (max-width: 1280px) 100vw, 1280px\" \/><div class=\"wp-block-cover__inner-container is-layout-flow wp-block-cover-is-layout-flow\">\n<div class=\"wp-block-group has-global-padding is-layout-constrained wp-block-group-is-layout-constrained\" style=\"padding-top:var(--wp--preset--spacing--60);padding-bottom:var(--wp--preset--spacing--60)\">\n<h1 class=\"wp-block-heading alignwide has-text-align-center has-text-color has-x-large-font-size\" style=\"color:#fffffffc\">Tango Vara Spetsialistid  <\/h1>\n<\/div>\n<\/div><\/div>\n<\/div>\n\n\n\n<div class=\"wp-block-group alignfull has-background-background-color has-background has-global-padding is-layout-constrained wp-container-core-group-is-layout-254d6575 wp-block-group-is-layout-constrained\" style=\"margin-top:0;margin-bottom:0;padding-top:var(--wp--preset--spacing--60);padding-right:var(--wp--preset--spacing--30);padding-bottom:var(--wp--preset--spacing--60);padding-left:var(--wp--preset--spacing--30)\">\n<div class=\"wp-block-group alignwide has-global-padding is-content-justification-left is-layout-constrained wp-container-core-group-is-layout-8b4c372c wp-block-group-is-layout-constrained\">\n<h3 class=\"wp-block-heading has-text-align-left\">Ehitusprojektide asjatundja<\/h3>\n\n\n\n<p class=\"has-text-align-left\" style=\"margin-top:16px\">Kasutusluoa spetsialistid &#8211; Teie usaldusv\u00e4\u00e4rne partner kasutuslubade taotlemisel. Meie eesm\u00e4rk on tagada ohutu ja seaduslik elukeskkond.<\/p>\n<\/div>\n\n\n\n<div class=\"wp-block-columns alignwide is-layout-flex wp-container-core-columns-is-layout-e1fea541 wp-block-columns-is-layout-flex\" style=\"margin-top:var(--wp--preset--spacing--50)\">\n<div class=\"wp-block-column is-layout-flow wp-block-column-is-layout-flow\">\n<div class=\"wp-block-cover has-custom-content-position is-position-bottom-center is-layout-flow wp-block-cover-is-layout-flow\" style=\"padding-top:24px;padding-right:24px;padding-bottom:32px;padding-left:24px\"><span aria-hidden=\"true\" class=\"wp-block-cover__background has-black-background-color has-background-dim-60 has-background-dim\"><\/span><img loading=\"lazy\" decoding=\"async\" width=\"96\" height=\"97\" class=\"wp-block-cover__image-background wp-image-26\" alt=\"logo\" src=\"https:\/\/kasutusluba.tangovara.eu\/kasutusluba\/wp-content\/uploads\/2024\/04\/extendify-demo-logo.png\" data-object-fit=\"cover\" \/><div class=\"wp-block-cover__inner-container\"><\/div><\/div>\n<\/div>\n\n\n\n<div class=\"wp-block-column is-layout-flow wp-block-column-is-layout-flow\">\n<div class=\"wp-block-cover has-custom-content-position is-position-bottom-center is-layout-flow wp-block-cover-is-layout-flow\" style=\"padding-top:24px;padding-right:24px;padding-bottom:32px;padding-left:24px\"><span aria-hidden=\"true\" class=\"wp-block-cover__background has-black-background-color has-background-dim-60 has-background-dim\"><\/span><img loading=\"lazy\" decoding=\"async\" width=\"993\" height=\"1449\" class=\"wp-block-cover__image-background wp-image-70\" alt=\"ehitusinsener\" src=\"https:\/\/kasutusluba.tangovara.eu\/kasutusluba\/wp-content\/uploads\/2024\/04\/Madis-Tihkan-port.jpg\" data-object-fit=\"cover\" srcset=\"https:\/\/kasutusluba.tangovara.eu\/kasutusluba\/wp-content\/uploads\/2024\/04\/Madis-Tihkan-port.jpg 993w, https:\/\/kasutusluba.tangovara.eu\/kasutusluba\/wp-content\/uploads\/2024\/04\/Madis-Tihkan-port-206x300.jpg 206w, https:\/\/kasutusluba.tangovara.eu\/kasutusluba\/wp-content\/uploads\/2024\/04\/Madis-Tihkan-port-702x1024.jpg 702w, https:\/\/kasutusluba.tangovara.eu\/kasutusluba\/wp-content\/uploads\/2024\/04\/Madis-Tihkan-port-768x1121.jpg 768w, https:\/\/kasutusluba.tangovara.eu\/kasutusluba\/wp-content\/uploads\/2024\/04\/Madis-Tihkan-port-600x876.jpg 600w\" sizes=\"auto, (max-width: 993px) 100vw, 993px\" \/><div class=\"wp-block-cover__inner-container\"><\/div><\/div>\n<\/div>\n\n\n\n<div class=\"wp-block-column is-layout-flow wp-block-column-is-layout-flow\">\n<div class=\"wp-block-cover has-custom-content-position is-position-bottom-center is-layout-flow wp-block-cover-is-layout-flow\" style=\"padding-top:24px;padding-right:24px;padding-bottom:32px;padding-left:24px\"><span aria-hidden=\"true\" class=\"wp-block-cover__background has-black-background-color has-background-dim-60 has-background-dim\"><\/span><img loading=\"lazy\" decoding=\"async\" width=\"1150\" height=\"713\" class=\"wp-block-cover__image-background wp-image-50\" alt=\"\" src=\"https:\/\/kasutusluba.tangovara.eu\/kasutusluba\/wp-content\/uploads\/2024\/04\/Eestikaartkontuur.png\" data-object-fit=\"cover\" srcset=\"https:\/\/kasutusluba.tangovara.eu\/kasutusluba\/wp-content\/uploads\/2024\/04\/Eestikaartkontuur.png 1150w, https:\/\/kasutusluba.tangovara.eu\/kasutusluba\/wp-content\/uploads\/2024\/04\/Eestikaartkontuur-300x186.png 300w, https:\/\/kasutusluba.tangovara.eu\/kasutusluba\/wp-content\/uploads\/2024\/04\/Eestikaartkontuur-1024x635.png 1024w, https:\/\/kasutusluba.tangovara.eu\/kasutusluba\/wp-content\/uploads\/2024\/04\/Eestikaartkontuur-768x476.png 768w, https:\/\/kasutusluba.tangovara.eu\/kasutusluba\/wp-content\/uploads\/2024\/04\/Eestikaartkontuur-600x372.png 600w\" sizes=\"auto, (max-width: 1150px) 100vw, 1150px\" \/><div class=\"wp-block-cover__inner-container\"><\/div><\/div>\n<\/div>\n\n\n\n<div class=\"wp-block-column is-layout-flow wp-block-column-is-layout-flow\">\n<div class=\"wp-block-cover has-custom-content-position is-position-bottom-center is-layout-flow wp-block-cover-is-layout-flow\" style=\"padding-top:24px;padding-right:24px;padding-bottom:32px;padding-left:24px\"><span aria-hidden=\"true\" class=\"wp-block-cover__background has-black-background-color has-background-dim-60 has-background-dim\"><\/span><img loading=\"lazy\" decoding=\"async\" width=\"1787\" height=\"2560\" class=\"wp-block-cover__image-background wp-image-71\" alt=\"Geodeet\" src=\"https:\/\/kasutusluba.tangovara.eu\/kasutusluba\/wp-content\/uploads\/2024\/04\/Andres-Erit-Geodeet-tase-6-scaled.jpg\" data-object-fit=\"cover\" srcset=\"https:\/\/kasutusluba.tangovara.eu\/kasutusluba\/wp-content\/uploads\/2024\/04\/Andres-Erit-Geodeet-tase-6-scaled.jpg 1787w, https:\/\/kasutusluba.tangovara.eu\/kasutusluba\/wp-content\/uploads\/2024\/04\/Andres-Erit-Geodeet-tase-6-209x300.jpg 209w, https:\/\/kasutusluba.tangovara.eu\/kasutusluba\/wp-content\/uploads\/2024\/04\/Andres-Erit-Geodeet-tase-6-715x1024.jpg 715w, https:\/\/kasutusluba.tangovara.eu\/kasutusluba\/wp-content\/uploads\/2024\/04\/Andres-Erit-Geodeet-tase-6-768x1100.jpg 768w, https:\/\/kasutusluba.tangovara.eu\/kasutusluba\/wp-content\/uploads\/2024\/04\/Andres-Erit-Geodeet-tase-6-1072x1536.jpg 1072w, https:\/\/kasutusluba.tangovara.eu\/kasutusluba\/wp-content\/uploads\/2024\/04\/Andres-Erit-Geodeet-tase-6-1429x2048.jpg 1429w, https:\/\/kasutusluba.tangovara.eu\/kasutusluba\/wp-content\/uploads\/2024\/04\/Andres-Erit-Geodeet-tase-6-600x860.jpg 600w\" sizes=\"auto, (max-width: 1787px) 100vw, 1787px\" \/><div class=\"wp-block-cover__inner-container\"><\/div><\/div>\n<\/div>\n<\/div>\n\n\n\n<div class=\"wp-block-columns alignwide is-layout-flex wp-container-core-columns-is-layout-28f84493 wp-block-columns-is-layout-flex\">\n<div class=\"wp-block-column is-layout-flow wp-block-column-is-layout-flow\"><\/div>\n\n\n\n<div class=\"wp-block-column is-layout-flow wp-block-column-is-layout-flow\"><\/div>\n\n\n\n<div class=\"wp-block-column is-layout-flow wp-block-column-is-layout-flow\"><\/div>\n\n\n\n<div class=\"wp-block-column is-layout-flow wp-block-column-is-layout-flow\"><\/div>\n<\/div>\n<\/div>\n\n\n\n<div class=\"wp-block-group alignfull has-background-background-color has-background has-global-padding is-layout-constrained wp-container-core-group-is-layout-7276a2bb wp-block-group-is-layout-constrained\" style=\"margin-top:0;margin-bottom:0;padding-top:var(--wp--preset--spacing--60);padding-right:var(--wp--preset--spacing--30);padding-bottom:var(--wp--preset--spacing--60);padding-left:var(--wp--preset--spacing--30)\">\n<div class=\"wp-block-group has-global-padding is-layout-constrained wp-block-group-is-layout-constrained\">\n<h3 class=\"wp-block-heading has-text-align-center\" style=\"margin-top:12px\">Tutvuge meie asjatundlike kasutusloa spetsialistidega ja kindlustage oma hoone ohutus.<\/h3>\n\n\n\n<p class=\"has-text-align-center\" style=\"margin-top:16px\">Tango Vara O\u00dc on p\u00fchendunud meeskond, kes on spetsialiseerunud hoonete seadustamisele ja kasutusloa protsessidele. Meie ekspertide aastatepikkune kogemus tagab teie kinnisvara ohutuse ja turvalisuse. Kui teil on vaja taotleda kasutusluba v\u00f5i kasutusteatis, oleme alati valmis abistama ja pakkuma professionaalset n\u00f5u.<\/p>\n\n\n\n<div class=\"wp-block-buttons is-content-justification-center is-layout-flex wp-container-core-buttons-is-layout-720bcce9 wp-block-buttons-is-layout-flex\">\n<div class=\"wp-block-button is-style-outline is-style-outline--1\"><a class=\"wp-block-button__link wp-element-button\" href=\"https:\/\/kasutusluba.tangovara.eu\/kasutusluba\/kontakt-2\/\">K\u00fcsi lisa<\/a><\/div>\n<\/div>\n<\/div>\n\n\n\n<figure class=\"wp-block-image alignfull size-full\"><img loading=\"lazy\" decoding=\"async\" width=\"2560\" height=\"1440\" src=\"https:\/\/kasutusluba.tangovara.eu\/kasutusluba\/wp-content\/uploads\/2024\/04\/Olevisteplatvormilt-57-scaled.jpg\" alt=\"\" class=\"wp-image-118\" srcset=\"https:\/\/kasutusluba.tangovara.eu\/kasutusluba\/wp-content\/uploads\/2024\/04\/Olevisteplatvormilt-57-scaled.jpg 2560w, https:\/\/kasutusluba.tangovara.eu\/kasutusluba\/wp-content\/uploads\/2024\/04\/Olevisteplatvormilt-57-300x169.jpg 300w, https:\/\/kasutusluba.tangovara.eu\/kasutusluba\/wp-content\/uploads\/2024\/04\/Olevisteplatvormilt-57-1024x576.jpg 1024w, https:\/\/kasutusluba.tangovara.eu\/kasutusluba\/wp-content\/uploads\/2024\/04\/Olevisteplatvormilt-57-768x432.jpg 768w, https:\/\/kasutusluba.tangovara.eu\/kasutusluba\/wp-content\/uploads\/2024\/04\/Olevisteplatvormilt-57-1536x864.jpg 1536w, https:\/\/kasutusluba.tangovara.eu\/kasutusluba\/wp-content\/uploads\/2024\/04\/Olevisteplatvormilt-57-2048x1152.jpg 2048w, https:\/\/kasutusluba.tangovara.eu\/kasutusluba\/wp-content\/uploads\/2024\/04\/Olevisteplatvormilt-57-600x338.jpg 600w\" sizes=\"auto, (max-width: 2560px) 100vw, 2560px\" \/><\/figure>\n<\/div>\n","protected":false},"excerpt":{"rendered":"<p>Ehitusprojektide asjatundja Kasutusluoa spetsialistid &#8211; Teie usaldusv\u00e4\u00e4rne partner kasutuslubade taotlemisel. Meie eesm\u00e4rk on tagada ohutu ja seaduslik elukeskkond. Tutvuge meie asjatundlike kasutusloa spetsialistidega ja kindlustage oma hoone ohutus. Tango Vara O\u00dc on p\u00fchendunud meeskond, kes on spetsialiseerunud hoonete seadustamisele ja kasutusloa protsessidele. Meie ekspertide aastatepikkune kogemus tagab teie kinnisvara ohutuse ja turvalisuse. Kui teil on [&hellip;]<\/p>\n","protected":false},"author":1,"featured_media":0,"parent":0,"menu_order":0,"comment_status":"closed","ping_status":"closed","template":"no-title","meta":{"footnotes":""},"class_list":["post-25","page","type-page","status-publish","hentry"],"aioseo_notices":[],"_links":{"self":[{"href":"https:\/\/kasutusluba.tangovara.eu\/kasutusluba\/wp-json\/wp\/v2\/pages\/25","targetHints":{"allow":["GET"]}}],"collection":[{"href":"https:\/\/kasutusluba.tangovara.eu\/kasutusluba\/wp-json\/wp\/v2\/pages"}],"about":[{"href":"https:\/\/kasutusluba.tangovara.eu\/kasutusluba\/wp-json\/wp\/v2\/types\/page"}],"author":[{"embeddable":true,"href":"https:\/\/kasutusluba.tangovara.eu\/kasutusluba\/wp-json\/wp\/v2\/users\/1"}],"replies":[{"embeddable":true,"href":"https:\/\/kasutusluba.tangovara.eu\/kasutusluba\/wp-json\/wp\/v2\/comments?post=25"}],"version-history":[{"count":13,"href":"https:\/\/kasutusluba.tangovara.eu\/kasutusluba\/wp-json\/wp\/v2\/pages\/25\/revisions"}],"predecessor-version":[{"id":397,"href":"https:\/\/kasutusluba.tangovara.eu\/kasutusluba\/wp-json\/wp\/v2\/pages\/25\/revisions\/397"}],"wp:attachment":[{"href":"https:\/\/kasutusluba.tangovara.eu\/kasutusluba\/wp-json\/wp\/v2\/media?parent=25"}],"curies":[{"name":"wp","href":"https:\/\/api.w.org\/{rel}","templated":true}]}}