{"id":22,"date":"2024-04-08T09:01:21","date_gmt":"2024-04-08T09:01:21","guid":{"rendered":"https:\/\/kasutusluba.tangovara.eu\/kasutusluba\/meist\/"},"modified":"2024-08-17T10:26:29","modified_gmt":"2024-08-17T10:26:29","slug":"meist","status":"publish","type":"page","link":"https:\/\/kasutusluba.tangovara.eu\/kasutusluba\/meist\/","title":{"rendered":"Meist"},"content":{"rendered":"\n<div class=\"wp-block-group alignfull has-background-background-color has-background has-global-padding is-layout-constrained wp-block-group-is-layout-constrained\" style=\"margin-top:0;margin-bottom:0;padding-top:0\">\n<div class=\"wp-block-cover alignfull\" style=\"padding-top:0;padding-right:var(--wp--preset--spacing--30);padding-bottom:0;padding-left:var(--wp--preset--spacing--30);min-height:50px;aspect-ratio:unset;\"><span aria-hidden=\"true\" class=\"wp-block-cover__background has-black-background-color has-background-dim-60 has-background-dim\"><\/span><img loading=\"lazy\" decoding=\"async\" width=\"1280\" height=\"1074\" class=\"wp-block-cover__image-background wp-image-372\" alt=\"\" src=\"https:\/\/kasutusluba.tangovara.eu\/kasutusluba\/wp-content\/uploads\/2024\/08\/5b2f5bf6a1dd4f6dff7f47b0864e2c24ab4fc6c5.jpg\" style=\"object-position:49% 83%\" data-object-fit=\"cover\" data-object-position=\"49% 83%\" srcset=\"https:\/\/kasutusluba.tangovara.eu\/kasutusluba\/wp-content\/uploads\/2024\/08\/5b2f5bf6a1dd4f6dff7f47b0864e2c24ab4fc6c5.jpg 1280w, https:\/\/kasutusluba.tangovara.eu\/kasutusluba\/wp-content\/uploads\/2024\/08\/5b2f5bf6a1dd4f6dff7f47b0864e2c24ab4fc6c5-300x252.jpg 300w, https:\/\/kasutusluba.tangovara.eu\/kasutusluba\/wp-content\/uploads\/2024\/08\/5b2f5bf6a1dd4f6dff7f47b0864e2c24ab4fc6c5-1024x859.jpg 1024w, https:\/\/kasutusluba.tangovara.eu\/kasutusluba\/wp-content\/uploads\/2024\/08\/5b2f5bf6a1dd4f6dff7f47b0864e2c24ab4fc6c5-768x644.jpg 768w\" sizes=\"auto, (max-width: 1280px) 100vw, 1280px\" \/><div class=\"wp-block-cover__inner-container is-layout-flow wp-block-cover-is-layout-flow\">\n<div class=\"wp-block-group has-global-padding is-layout-constrained wp-block-group-is-layout-constrained\" style=\"padding-top:var(--wp--preset--spacing--60);padding-bottom:var(--wp--preset--spacing--60)\">\n<h1 class=\"wp-block-heading alignwide has-text-align-left has-text-color has-x-large-font-size\" style=\"color:#fffffffc\">Tango Vara O\u00dc &#8211; Teie usaldusv\u00e4\u00e4rne kinnisvara partner Harjumaal<\/h1>\n<\/div>\n<\/div><\/div>\n<\/div>\n\n\n\n<div class=\"wp-block-group alignfull has-background-background-color has-background has-global-padding is-layout-constrained wp-container-core-group-is-layout-7276a2bb wp-block-group-is-layout-constrained\" style=\"margin-top:0;margin-bottom:0;padding-top:var(--wp--preset--spacing--60);padding-right:var(--wp--preset--spacing--30);padding-bottom:var(--wp--preset--spacing--60);padding-left:var(--wp--preset--spacing--30)\">\n<div class=\"wp-block-columns alignwide are-vertically-aligned-center is-layout-flex wp-container-core-columns-is-layout-47c06fe3 wp-block-columns-is-layout-flex\">\n<div class=\"wp-block-column is-vertically-aligned-center is-layout-flow wp-block-column-is-layout-flow\" style=\"flex-basis:33.3%\">\n<h3 class=\"wp-block-heading has-text-align-left\">Kasutusloa Spetsialistid &#8211; Teie seaduslikud hooned. <\/h3>\n\n\n\n<p style=\"margin-top:16px\">Alates 2004 aastast oleme pakkunud usaldusv\u00e4\u00e4rseid seadustamise ja kinnisvaraarenduse teenuseid, tagades igale hoonele \u00f5ige kasutusloa v\u00f5i kasutusteatis.<\/p>\n<\/div>\n\n\n\n<div class=\"wp-block-column is-vertically-aligned-center is-layout-flow wp-container-core-column-is-layout-f5bb311e wp-block-column-is-layout-flow\" style=\"flex-basis:50%\">\n<div class=\"wp-block-group is-nowrap is-layout-flex wp-container-core-group-is-layout-bd657856 wp-block-group-is-layout-flex\">\n<figure class=\"wp-block-image is-resized\"><img loading=\"lazy\" decoding=\"async\" width=\"1280\" height=\"960\" class=\"wp-image-393\" src=\"https:\/\/kasutusluba.tangovara.eu\/kasutusluba\/wp-content\/uploads\/2024\/08\/cc74739352d352ce236b149d2dbc8a037fc65817.jpg\" alt=\"\" style=\"aspect-ratio:0.75;object-fit:cover;width:298px;height:auto\" srcset=\"https:\/\/kasutusluba.tangovara.eu\/kasutusluba\/wp-content\/uploads\/2024\/08\/cc74739352d352ce236b149d2dbc8a037fc65817.jpg 1280w, https:\/\/kasutusluba.tangovara.eu\/kasutusluba\/wp-content\/uploads\/2024\/08\/cc74739352d352ce236b149d2dbc8a037fc65817-300x225.jpg 300w, https:\/\/kasutusluba.tangovara.eu\/kasutusluba\/wp-content\/uploads\/2024\/08\/cc74739352d352ce236b149d2dbc8a037fc65817-1024x768.jpg 1024w, https:\/\/kasutusluba.tangovara.eu\/kasutusluba\/wp-content\/uploads\/2024\/08\/cc74739352d352ce236b149d2dbc8a037fc65817-768x576.jpg 768w\" sizes=\"auto, (max-width: 1280px) 100vw, 1280px\" \/><\/figure>\n\n\n\n<figure class=\"wp-block-image size-full is-resized\"><img loading=\"lazy\" decoding=\"async\" width=\"1922\" height=\"2560\" src=\"https:\/\/kasutusluba.tangovara.eu\/kasutusluba\/wp-content\/uploads\/2024\/04\/Vanalinnas-TLN-10-scaled.jpg\" alt=\"Vanalinn taevas\" class=\"wp-image-291\" style=\"aspect-ratio:0.75;object-fit:cover;width:299px;height:auto\" srcset=\"https:\/\/kasutusluba.tangovara.eu\/kasutusluba\/wp-content\/uploads\/2024\/04\/Vanalinnas-TLN-10-scaled.jpg 1922w, https:\/\/kasutusluba.tangovara.eu\/kasutusluba\/wp-content\/uploads\/2024\/04\/Vanalinnas-TLN-10-225x300.jpg 225w, https:\/\/kasutusluba.tangovara.eu\/kasutusluba\/wp-content\/uploads\/2024\/04\/Vanalinnas-TLN-10-769x1024.jpg 769w, https:\/\/kasutusluba.tangovara.eu\/kasutusluba\/wp-content\/uploads\/2024\/04\/Vanalinnas-TLN-10-768x1023.jpg 768w, https:\/\/kasutusluba.tangovara.eu\/kasutusluba\/wp-content\/uploads\/2024\/04\/Vanalinnas-TLN-10-1153x1536.jpg 1153w, https:\/\/kasutusluba.tangovara.eu\/kasutusluba\/wp-content\/uploads\/2024\/04\/Vanalinnas-TLN-10-1538x2048.jpg 1538w\" sizes=\"auto, (max-width: 1922px) 100vw, 1922px\" \/><\/figure>\n<\/div>\n<\/div>\n<\/div>\n<\/div>\n\n\n\n<div class=\"wp-block-group alignfull has-background-background-color has-background has-global-padding is-layout-constrained wp-container-core-group-is-layout-7276a2bb wp-block-group-is-layout-constrained\" style=\"margin-top:0;margin-bottom:0;padding-top:var(--wp--preset--spacing--60);padding-right:var(--wp--preset--spacing--30);padding-bottom:var(--wp--preset--spacing--60);padding-left:var(--wp--preset--spacing--30)\">\n<div class=\"wp-block-columns alignwide are-vertically-aligned-center is-layout-flex wp-container-core-columns-is-layout-643ced6b wp-block-columns-is-layout-flex\">\n<div class=\"wp-block-column is-vertically-aligned-center is-layout-flow wp-container-core-column-is-layout-119bc444 wp-block-column-is-layout-flow\">\n<div class=\"wp-block-group alignwide has-global-padding is-content-justification-left is-layout-constrained wp-container-core-group-is-layout-8b4c372c wp-block-group-is-layout-constrained\">\n<h3 class=\"wp-block-heading\">Ehitusseadustiku j\u00e4rgimine<\/h3>\n\n\n\n<p style=\"margin-top:16px\">Tango Vara O\u00dc &#8211; teie kinnisvara seadustamise partner. Pakume kvaliteetset teenust kasutuslubade ja teatiste taotlemisel.<\/p>\n<\/div>\n\n\n\n<div class=\"wp-block-columns alignwide is-layout-flex wp-container-core-columns-is-layout-08c01c1c wp-block-columns-is-layout-flex\">\n<div class=\"wp-block-column is-layout-flow wp-block-column-is-layout-flow\">\n<h3 class=\"wp-block-heading has-text-align-left has-primary-color has-text-color has-large-font-size\">25+<\/h3>\n\n\n\n<h3 class=\"wp-block-heading has-text-align-left has-medium-font-size\" style=\"margin-top:16px\">Aastaid teenindust<\/h3>\n\n\n\n<p class=\"has-text-align-left has-small-font-size\" style=\"margin-top:8px\">Tango Vara O\u00dc &#8211; teie ohutute hoonete garanteerija, pakkudes kindlaid lahendusi kasutuslubade taotlemisel.<\/p>\n<\/div>\n\n\n\n<div class=\"wp-block-column is-layout-flow wp-block-column-is-layout-flow\">\n<h3 class=\"wp-block-heading has-text-align-left has-primary-color has-text-color has-large-font-size\">200+<\/h3>\n\n\n\n<h3 class=\"wp-block-heading has-text-align-left has-medium-font-size\" style=\"margin-top:16px\">Tagatud kasutusload<\/h3>\n\n\n\n<p class=\"has-text-align-left has-small-font-size\" style=\"margin-top:8px\">Rohkem kui 200 klienti on saanud meie abil kasutusload ja teatised, t\u00f5endades meie k\u00f5rgetasemelist teenust.<\/p>\n<\/div>\n<\/div>\n\n\n\n<div class=\"wp-block-columns alignwide is-layout-flex wp-container-core-columns-is-layout-08c01c1c wp-block-columns-is-layout-flex\">\n<div class=\"wp-block-column is-layout-flow wp-block-column-is-layout-flow\">\n<h3 class=\"wp-block-heading has-text-align-left has-primary-color has-text-color has-large-font-size\">400+<\/h3>\n\n\n\n<h3 class=\"wp-block-heading has-text-align-left has-medium-font-size\" style=\"margin-top:16px\">Edukad taotlused<\/h3>\n\n\n\n<p class=\"has-text-align-left has-small-font-size\" style=\"margin-top:8px\">Tango Vara O\u00dc &#8211; usaldusv\u00e4\u00e4rne abi kasutuslubade ja kasutusteatisi saamisel. Teie muretu kinnisvara seadustamine.<\/p>\n<\/div>\n\n\n\n<div class=\"wp-block-column is-layout-flow wp-block-column-is-layout-flow\">\n<h3 class=\"wp-block-heading has-text-align-left has-primary-color has-text-color has-large-font-size\">250+<\/h3>\n\n\n\n<h3 class=\"wp-block-heading has-text-align-left has-medium-font-size\" style=\"margin-top:16px\">\u00d5nnelikud kliendid<\/h3>\n\n\n\n<p class=\"has-text-align-left has-small-font-size\" style=\"margin-top:8px\">\u00dcle 250 rahuloleva kliendi on saavutanud kasutusloa t\u00e4nu meie professionaalsele n\u00f5ustamisele ja t\u00e4isteenusele.<\/p>\n<\/div>\n<\/div>\n<\/div>\n\n\n\n<div class=\"wp-block-column is-vertically-aligned-center is-layout-flow wp-container-core-column-is-layout-8a368f38 wp-block-column-is-layout-flow\">\n<figure class=\"wp-block-image is-resized\"><img loading=\"lazy\" decoding=\"async\" width=\"1792\" height=\"1024\" src=\"https:\/\/kasutusluba.tangovara.eu\/kasutusluba\/wp-content\/uploads\/2024\/04\/img-Dvg0fh4O28e2g4W0OPycbGd2.png\" alt=\"\" class=\"wp-image-128\" style=\"width:592px;height:auto\" srcset=\"https:\/\/kasutusluba.tangovara.eu\/kasutusluba\/wp-content\/uploads\/2024\/04\/img-Dvg0fh4O28e2g4W0OPycbGd2.png 1792w, https:\/\/kasutusluba.tangovara.eu\/kasutusluba\/wp-content\/uploads\/2024\/04\/img-Dvg0fh4O28e2g4W0OPycbGd2-300x171.png 300w, https:\/\/kasutusluba.tangovara.eu\/kasutusluba\/wp-content\/uploads\/2024\/04\/img-Dvg0fh4O28e2g4W0OPycbGd2-1024x585.png 1024w, https:\/\/kasutusluba.tangovara.eu\/kasutusluba\/wp-content\/uploads\/2024\/04\/img-Dvg0fh4O28e2g4W0OPycbGd2-768x439.png 768w, https:\/\/kasutusluba.tangovara.eu\/kasutusluba\/wp-content\/uploads\/2024\/04\/img-Dvg0fh4O28e2g4W0OPycbGd2-1536x878.png 1536w, https:\/\/kasutusluba.tangovara.eu\/kasutusluba\/wp-content\/uploads\/2024\/04\/img-Dvg0fh4O28e2g4W0OPycbGd2-600x343.png 600w\" sizes=\"auto, (max-width: 1792px) 100vw, 1792px\" \/><\/figure>\n\n\n\n<div class=\"wp-block-group has-secondary-color has-foreground-background-color has-text-color has-background has-link-color wp-elements-8a7a97cea72d95762a83f640850fff6b has-global-padding is-layout-constrained wp-container-core-group-is-layout-24fca791 wp-block-group-is-layout-constrained\" style=\"padding-top:var(--wp--preset--spacing--30);padding-right:24px;padding-bottom:var(--wp--preset--spacing--30);padding-left:24px\">\n<p>Tango Vara O\u00dc &#8211; meisterlik meeskond, usaldusv\u00e4\u00e4rne kinnisvara seadustamine!<\/p>\n\n\n\n<div class=\"wp-block-group is-nowrap is-layout-flex wp-container-core-group-is-layout-3b4e9d3e wp-block-group-is-layout-flex\">\n<div class=\"wp-block-group has-global-padding is-layout-constrained wp-block-group-is-layout-constrained\">\n<h4 class=\"wp-block-heading has-text-align-left has-small-font-size\">dokumendispetsialist<\/h4>\n\n\n\n<p class=\"has-text-align-left has-small-font-size\" style=\"margin-top:2px\">arendaja<\/p>\n<\/div>\n<\/div>\n<\/div>\n<\/div>\n<\/div>\n<\/div>\n\n\n\n<div class=\"wp-block-group alignfull has-background-background-color has-background has-global-padding is-layout-constrained wp-container-core-group-is-layout-7276a2bb wp-block-group-is-layout-constrained\" style=\"margin-top:0;margin-bottom:0;padding-top:var(--wp--preset--spacing--60);padding-right:var(--wp--preset--spacing--30);padding-bottom:var(--wp--preset--spacing--60);padding-left:var(--wp--preset--spacing--30)\">\n<div class=\"wp-block-group alignwide has-global-padding is-content-justification-left is-layout-constrained wp-container-core-group-is-layout-8b4c372c wp-block-group-is-layout-constrained\">\n<h3 class=\"wp-block-heading\" style=\"margin-top:12px\">Teie ohutus on meie missioon<\/h3>\n\n\n\n<p style=\"margin-top:16px\">Kliendirahulolu on meie s\u00fcdameasi ning eesm\u00e4rk on alati k\u00f5rgendada turvalisuse tunnet. Siin on valik klientide arvamusi, mis peegeldavad meie p\u00fchendumist ning teenuse kvaliteeti.<\/p>\n<\/div>\n\n\n\n<div class=\"wp-block-columns alignwide is-layout-flex wp-container-core-columns-is-layout-28f84493 wp-block-columns-is-layout-flex\">\n<div class=\"wp-block-column has-tertiary-background-color has-background is-layout-flow wp-block-column-is-layout-flow\">\n<div class=\"wp-block-group has-secondary-background-color has-background has-global-padding is-layout-constrained wp-container-core-group-is-layout-24fca791 wp-block-group-is-layout-constrained\" style=\"padding-top:var(--wp--preset--spacing--30);padding-right:24px;padding-bottom:var(--wp--preset--spacing--30);padding-left:24px\">\n<p>Tango Vara O\u00dc on usaldusv\u00e4\u00e4rne meeskond, kes tagab teie kinnisvara seaduslikkuse kiirelt ja efektiivselt.<\/p>\n\n\n\n<div class=\"wp-block-group is-nowrap is-layout-flex wp-container-core-group-is-layout-3b4e9d3e wp-block-group-is-layout-flex\">\n<figure class=\"wp-block-image aligncenter size-full is-resized is-style-rounded\"><img loading=\"lazy\" decoding=\"async\" width=\"96\" height=\"97\" src=\"https:\/\/kasutusluba.tangovara.eu\/kasutusluba\/wp-content\/uploads\/2024\/04\/extendify-demo-logo.png\" alt=\"logo\" class=\"wp-image-26\" style=\"width:116px;height:auto\" \/><\/figure>\n\n\n\n<div class=\"wp-block-group has-global-padding is-layout-constrained wp-block-group-is-layout-constrained\">\n<h4 class=\"wp-block-heading has-text-align-left has-small-font-size\">tarmo tamm<\/h4>\n\n\n\n<p class=\"has-text-align-left has-small-font-size\" style=\"margin-top:2px\">Manager<\/p>\n<\/div>\n<\/div>\n<\/div>\n<\/div>\n\n\n\n<div class=\"wp-block-column has-tertiary-background-color has-background is-layout-flow wp-block-column-is-layout-flow\">\n<div class=\"wp-block-group has-secondary-background-color has-background has-global-padding is-layout-constrained wp-container-core-group-is-layout-24fca791 wp-block-group-is-layout-constrained\" style=\"padding-top:var(--wp--preset--spacing--30);padding-right:24px;padding-bottom:var(--wp--preset--spacing--30);padding-left:24px\">\n<p>Tango Vara O\u00dc on professionaalne meeskond, kes tagab hoonete seadustamise t\u00f5rgeteta ja kindlalt.<\/p>\n\n\n\n<div class=\"wp-block-group is-nowrap is-layout-flex wp-container-core-group-is-layout-3b4e9d3e wp-block-group-is-layout-flex\">\n<figure class=\"wp-block-image aligncenter size-large is-resized is-style-rounded\"><img loading=\"lazy\" decoding=\"async\" width=\"715\" height=\"1024\" src=\"https:\/\/kasutusluba.tangovara.eu\/kasutusluba\/wp-content\/uploads\/2024\/04\/Andres-Erit-Geodeet-tase-6-715x1024.jpg\" alt=\"Geodeet\" class=\"wp-image-71\" style=\"width:82px;height:auto\" srcset=\"https:\/\/kasutusluba.tangovara.eu\/kasutusluba\/wp-content\/uploads\/2024\/04\/Andres-Erit-Geodeet-tase-6-715x1024.jpg 715w, https:\/\/kasutusluba.tangovara.eu\/kasutusluba\/wp-content\/uploads\/2024\/04\/Andres-Erit-Geodeet-tase-6-209x300.jpg 209w, https:\/\/kasutusluba.tangovara.eu\/kasutusluba\/wp-content\/uploads\/2024\/04\/Andres-Erit-Geodeet-tase-6-768x1100.jpg 768w, https:\/\/kasutusluba.tangovara.eu\/kasutusluba\/wp-content\/uploads\/2024\/04\/Andres-Erit-Geodeet-tase-6-1072x1536.jpg 1072w, https:\/\/kasutusluba.tangovara.eu\/kasutusluba\/wp-content\/uploads\/2024\/04\/Andres-Erit-Geodeet-tase-6-1429x2048.jpg 1429w, https:\/\/kasutusluba.tangovara.eu\/kasutusluba\/wp-content\/uploads\/2024\/04\/Andres-Erit-Geodeet-tase-6-600x860.jpg 600w, https:\/\/kasutusluba.tangovara.eu\/kasutusluba\/wp-content\/uploads\/2024\/04\/Andres-Erit-Geodeet-tase-6-scaled.jpg 1787w\" sizes=\"auto, (max-width: 715px) 100vw, 715px\" \/><\/figure>\n\n\n\n<div class=\"wp-block-group has-global-padding is-layout-constrained wp-block-group-is-layout-constrained\">\n<h4 class=\"wp-block-heading has-text-align-left has-small-font-size\">andres erit<\/h4>\n\n\n\n<p class=\"has-text-align-left has-small-font-size\" style=\"margin-top:2px\">Geodeet<\/p>\n<\/div>\n<\/div>\n<\/div>\n<\/div>\n\n\n\n<div class=\"wp-block-column has-tertiary-background-color has-background is-layout-flow wp-block-column-is-layout-flow\">\n<div class=\"wp-block-group has-secondary-background-color has-background has-global-padding is-layout-constrained wp-container-core-group-is-layout-24fca791 wp-block-group-is-layout-constrained\" style=\"padding-top:var(--wp--preset--spacing--30);padding-right:24px;padding-bottom:var(--wp--preset--spacing--30);padding-left:24px\">\n<p>Tango Vara O\u00dc &#8211; detailne t\u00e4helepanu, kiired tulemused, usaldusv\u00e4\u00e4rne teenindus. Kindel soovitus!<\/p>\n\n\n\n<div class=\"wp-block-group is-nowrap is-layout-flex wp-container-core-group-is-layout-3b4e9d3e wp-block-group-is-layout-flex\">\n<figure class=\"wp-block-image aligncenter size-large is-resized is-style-rounded\"><img loading=\"lazy\" decoding=\"async\" width=\"702\" height=\"1024\" src=\"https:\/\/kasutusluba.tangovara.eu\/kasutusluba\/wp-content\/uploads\/2024\/04\/Madis-Tihkan-port-702x1024.jpg\" alt=\"ehitusinsener\" class=\"wp-image-70\" style=\"width:80px;height:auto\" srcset=\"https:\/\/kasutusluba.tangovara.eu\/kasutusluba\/wp-content\/uploads\/2024\/04\/Madis-Tihkan-port-702x1024.jpg 702w, https:\/\/kasutusluba.tangovara.eu\/kasutusluba\/wp-content\/uploads\/2024\/04\/Madis-Tihkan-port-206x300.jpg 206w, https:\/\/kasutusluba.tangovara.eu\/kasutusluba\/wp-content\/uploads\/2024\/04\/Madis-Tihkan-port-768x1121.jpg 768w, https:\/\/kasutusluba.tangovara.eu\/kasutusluba\/wp-content\/uploads\/2024\/04\/Madis-Tihkan-port-600x876.jpg 600w, https:\/\/kasutusluba.tangovara.eu\/kasutusluba\/wp-content\/uploads\/2024\/04\/Madis-Tihkan-port.jpg 993w\" sizes=\"auto, (max-width: 702px) 100vw, 702px\" \/><\/figure>\n\n\n\n<div class=\"wp-block-group has-global-padding is-layout-constrained wp-block-group-is-layout-constrained\">\n<h4 class=\"wp-block-heading has-text-align-left has-small-font-size\">madis tihkan<\/h4>\n\n\n\n<p class=\"has-text-align-left has-small-font-size\" style=\"margin-top:2px\">ehitusinsener<\/p>\n<\/div>\n<\/div>\n<\/div>\n<\/div>\n<\/div>\n<\/div>\n\n\n\n<div class=\"wp-block-group alignfull has-background-background-color has-background has-global-padding is-layout-constrained wp-container-core-group-is-layout-7276a2bb wp-block-group-is-layout-constrained\" style=\"margin-top:0;margin-bottom:0;padding-top:var(--wp--preset--spacing--60);padding-right:var(--wp--preset--spacing--30);padding-bottom:var(--wp--preset--spacing--60);padding-left:var(--wp--preset--spacing--30)\">\n<div class=\"wp-block-group has-global-padding is-layout-constrained wp-block-group-is-layout-constrained\">\n<h3 class=\"wp-block-heading has-text-align-center\" style=\"margin-top:12px\">Leidke usaldusv\u00e4\u00e4rne partner kasutusloa taotleja.<\/h3>\n\n\n\n<p class=\"has-text-align-center\" style=\"margin-top:16px\">Tango Vara O\u00dc on teie asjatundlik abiline hoonete seadustamisel ja kasutusloa saamisel. Alates 2012 aasta oleme pakkunud ohutust ja turvalisust tagavaid teenuseid nii uutele kui vanematele hoonetele. Kas soovite kinnistu seadustada v\u00f5i arendada? V\u00f5tke meiega \u00fchendust ja meie p\u00fchendunud meeskond aitab teil eesm\u00e4rke saavutada.<\/p>\n\n\n\n<div class=\"wp-block-buttons is-content-justification-center is-layout-flex wp-container-core-buttons-is-layout-720bcce9 wp-block-buttons-is-layout-flex\">\n<div class=\"wp-block-button is-style-outline is-style-outline--1\"><a class=\"wp-block-button__link wp-element-button\" href=\"https:\/\/kasutusluba.tangovara.eu\/kasutusluba\/kasutusluba\/\">Uuri l\u00e4hemalt<\/a><\/div>\n\n\n\n<div class=\"wp-block-button\"><a class=\"wp-block-button__link wp-element-button\" href=\"https:\/\/kasutusluba.tangovara.eu\/kasutusluba\/kontakt-2\/\">Esita p\u00e4ring<\/a><\/div>\n<\/div>\n<\/div>\n\n\n\n<figure class=\"wp-block-image alignfull\"><img loading=\"lazy\" decoding=\"async\" width=\"1280\" height=\"420\" class=\"wp-image-386\" src=\"https:\/\/kasutusluba.tangovara.eu\/kasutusluba\/wp-content\/uploads\/2024\/08\/c4ff85040c2870024c6be0a7136e8333f23625c1.jpg\" alt=\"\" srcset=\"https:\/\/kasutusluba.tangovara.eu\/kasutusluba\/wp-content\/uploads\/2024\/08\/c4ff85040c2870024c6be0a7136e8333f23625c1.jpg 1280w, https:\/\/kasutusluba.tangovara.eu\/kasutusluba\/wp-content\/uploads\/2024\/08\/c4ff85040c2870024c6be0a7136e8333f23625c1-300x98.jpg 300w, https:\/\/kasutusluba.tangovara.eu\/kasutusluba\/wp-content\/uploads\/2024\/08\/c4ff85040c2870024c6be0a7136e8333f23625c1-1024x336.jpg 1024w, https:\/\/kasutusluba.tangovara.eu\/kasutusluba\/wp-content\/uploads\/2024\/08\/c4ff85040c2870024c6be0a7136e8333f23625c1-768x252.jpg 768w\" sizes=\"auto, (max-width: 1280px) 100vw, 1280px\" \/><\/figure>\n<\/div>\n","protected":false},"excerpt":{"rendered":"<p>Kasutusloa Spetsialistid &#8211; Teie seaduslikud hooned. Alates 2004 aastast oleme pakkunud usaldusv\u00e4\u00e4rseid seadustamise ja kinnisvaraarenduse teenuseid, tagades igale hoonele \u00f5ige kasutusloa v\u00f5i kasutusteatis. Ehitusseadustiku j\u00e4rgimine Tango Vara O\u00dc &#8211; teie kinnisvara seadustamise partner. Pakume kvaliteetset teenust kasutuslubade ja teatiste taotlemisel. 25+ Aastaid teenindust Tango Vara O\u00dc &#8211; teie ohutute hoonete garanteerija, pakkudes kindlaid lahendusi kasutuslubade [&hellip;]<\/p>\n","protected":false},"author":1,"featured_media":0,"parent":0,"menu_order":0,"comment_status":"closed","ping_status":"closed","template":"no-title","meta":{"footnotes":""},"class_list":["post-22","page","type-page","status-publish","hentry"],"aioseo_notices":[],"_links":{"self":[{"href":"https:\/\/kasutusluba.tangovara.eu\/kasutusluba\/wp-json\/wp\/v2\/pages\/22","targetHints":{"allow":["GET"]}}],"collection":[{"href":"https:\/\/kasutusluba.tangovara.eu\/kasutusluba\/wp-json\/wp\/v2\/pages"}],"about":[{"href":"https:\/\/kasutusluba.tangovara.eu\/kasutusluba\/wp-json\/wp\/v2\/types\/page"}],"author":[{"embeddable":true,"href":"https:\/\/kasutusluba.tangovara.eu\/kasutusluba\/wp-json\/wp\/v2\/users\/1"}],"replies":[{"embeddable":true,"href":"https:\/\/kasutusluba.tangovara.eu\/kasutusluba\/wp-json\/wp\/v2\/comments?post=22"}],"version-history":[{"count":16,"href":"https:\/\/kasutusluba.tangovara.eu\/kasutusluba\/wp-json\/wp\/v2\/pages\/22\/revisions"}],"predecessor-version":[{"id":394,"href":"https:\/\/kasutusluba.tangovara.eu\/kasutusluba\/wp-json\/wp\/v2\/pages\/22\/revisions\/394"}],"wp:attachment":[{"href":"https:\/\/kasutusluba.tangovara.eu\/kasutusluba\/wp-json\/wp\/v2\/media?parent=22"}],"curies":[{"name":"wp","href":"https:\/\/api.w.org\/{rel}","templated":true}]}}