{"id":204,"date":"2024-04-09T13:07:34","date_gmt":"2024-04-09T13:07:34","guid":{"rendered":"https:\/\/kasutusluba.tangovara.eu\/kasutusluba\/?page_id=204"},"modified":"2024-08-17T10:26:29","modified_gmt":"2024-08-17T10:26:29","slug":"seadustamine","status":"publish","type":"page","link":"https:\/\/kasutusluba.tangovara.eu\/kasutusluba\/seadustamine\/","title":{"rendered":"Seadustamine"},"content":{"rendered":"\n<h2 class=\"wp-block-heading alignfull has-text-align-center has-secondary-background-color has-background\">4. Seadustamine<\/h2>\n\n\n\n<p>Seadustamine on kohustuslik ehitistele, mis on ehitatud ilma ehitusloata v\u00f5i Kirjaliku n\u00f5usolekuta ehitise p\u00fcstitamiseks (va. alla 20 m<sup>2<\/sup> ehitusaluse pinnaga ning kuni 5m k\u00f5rged).<\/p>\n\n\n\n<div class=\"wp-block-group alignfull has-background-background-color has-background has-global-padding is-layout-constrained wp-container-core-group-is-layout-c03f3b2a wp-block-group-is-layout-constrained\" style=\"padding-top:var(--wp--preset--spacing--60);padding-right:var(--wp--preset--spacing--30);padding-bottom:var(--wp--preset--spacing--60);padding-left:var(--wp--preset--spacing--30)\">\n<div class=\"wp-block-media-text alignwide has-media-on-the-right is-stacked-on-mobile is-vertically-aligned-center is-image-fill\" style=\"padding-right:0;padding-left:0;grid-template-columns:auto 48%\"><div class=\"wp-block-media-text__content\"><\/div><figure class=\"wp-block-media-text__media\" style=\"background-image:url(https:\/\/kasutusluba.tangovara.eu\/kasutusluba\/wp-content\/uploads\/2024\/04\/registrid-pilt-926x1024.png);background-position:14% 89%\"><a href=\"https:\/\/kasutusluba.tangovara.eu\/kasutusluba\/registrid\/\"><img loading=\"lazy\" decoding=\"async\" width=\"926\" height=\"1024\" src=\"https:\/\/kasutusluba.tangovara.eu\/kasutusluba\/wp-content\/uploads\/2024\/04\/registrid-pilt-926x1024.png\" alt=\"registrid\" class=\"wp-image-205 size-large\" srcset=\"https:\/\/kasutusluba.tangovara.eu\/kasutusluba\/wp-content\/uploads\/2024\/04\/registrid-pilt-926x1024.png 926w, https:\/\/kasutusluba.tangovara.eu\/kasutusluba\/wp-content\/uploads\/2024\/04\/registrid-pilt-271x300.png 271w, https:\/\/kasutusluba.tangovara.eu\/kasutusluba\/wp-content\/uploads\/2024\/04\/registrid-pilt-768x849.png 768w, https:\/\/kasutusluba.tangovara.eu\/kasutusluba\/wp-content\/uploads\/2024\/04\/registrid-pilt-1389x1536.png 1389w, https:\/\/kasutusluba.tangovara.eu\/kasutusluba\/wp-content\/uploads\/2024\/04\/registrid-pilt.png 1628w\" sizes=\"auto, (max-width: 926px) 100vw, 926px\" \/><\/a><\/figure><\/div>\n<\/div>\n","protected":false},"excerpt":{"rendered":"<p>4. Seadustamine Seadustamine on kohustuslik ehitistele, mis on ehitatud ilma ehitusloata v\u00f5i Kirjaliku n\u00f5usolekuta ehitise p\u00fcstitamiseks (va. alla 20 m2 ehitusaluse pinnaga ning kuni 5m k\u00f5rged).<\/p>\n","protected":false},"author":1,"featured_media":0,"parent":0,"menu_order":0,"comment_status":"closed","ping_status":"closed","template":"","meta":{"footnotes":""},"class_list":["post-204","page","type-page","status-publish","hentry"],"aioseo_notices":[],"_links":{"self":[{"href":"https:\/\/kasutusluba.tangovara.eu\/kasutusluba\/wp-json\/wp\/v2\/pages\/204","targetHints":{"allow":["GET"]}}],"collection":[{"href":"https:\/\/kasutusluba.tangovara.eu\/kasutusluba\/wp-json\/wp\/v2\/pages"}],"about":[{"href":"https:\/\/kasutusluba.tangovara.eu\/kasutusluba\/wp-json\/wp\/v2\/types\/page"}],"author":[{"embeddable":true,"href":"https:\/\/kasutusluba.tangovara.eu\/kasutusluba\/wp-json\/wp\/v2\/users\/1"}],"replies":[{"embeddable":true,"href":"https:\/\/kasutusluba.tangovara.eu\/kasutusluba\/wp-json\/wp\/v2\/comments?post=204"}],"version-history":[{"count":13,"href":"https:\/\/kasutusluba.tangovara.eu\/kasutusluba\/wp-json\/wp\/v2\/pages\/204\/revisions"}],"predecessor-version":[{"id":399,"href":"https:\/\/kasutusluba.tangovara.eu\/kasutusluba\/wp-json\/wp\/v2\/pages\/204\/revisions\/399"}],"wp:attachment":[{"href":"https:\/\/kasutusluba.tangovara.eu\/kasutusluba\/wp-json\/wp\/v2\/media?parent=204"}],"curies":[{"name":"wp","href":"https:\/\/api.w.org\/{rel}","templated":true}]}}