{"id":20,"date":"2024-04-08T09:01:12","date_gmt":"2024-04-08T09:01:12","guid":{"rendered":"https:\/\/kasutusluba.tangovara.eu\/kasutusluba\/hinnakiri\/"},"modified":"2026-03-17T15:01:50","modified_gmt":"2026-03-17T13:01:50","slug":"hinnakiri","status":"publish","type":"page","link":"https:\/\/kasutusluba.tangovara.eu\/kasutusluba\/hinnakiri\/","title":{"rendered":"Hinnakujundus"},"content":{"rendered":"\n<div class=\"wp-block-group alignfull has-background-background-color has-background has-global-padding is-layout-constrained wp-block-group-is-layout-constrained\" style=\"margin-top:0;margin-bottom:0;padding-top:0\">\n<div class=\"wp-block-cover alignfull\" style=\"padding-top:0;padding-right:var(--wp--preset--spacing--30);padding-bottom:0;padding-left:var(--wp--preset--spacing--30);min-height:50px;aspect-ratio:unset;\"><img loading=\"lazy\" decoding=\"async\" width=\"1280\" height=\"1074\" class=\"wp-block-cover__image-background wp-image-372\" alt=\"\" src=\"https:\/\/kasutusluba.tangovara.eu\/kasutusluba\/wp-content\/uploads\/2024\/08\/5b2f5bf6a1dd4f6dff7f47b0864e2c24ab4fc6c5.jpg\" data-object-fit=\"cover\" srcset=\"https:\/\/kasutusluba.tangovara.eu\/kasutusluba\/wp-content\/uploads\/2024\/08\/5b2f5bf6a1dd4f6dff7f47b0864e2c24ab4fc6c5.jpg 1280w, https:\/\/kasutusluba.tangovara.eu\/kasutusluba\/wp-content\/uploads\/2024\/08\/5b2f5bf6a1dd4f6dff7f47b0864e2c24ab4fc6c5-300x252.jpg 300w, https:\/\/kasutusluba.tangovara.eu\/kasutusluba\/wp-content\/uploads\/2024\/08\/5b2f5bf6a1dd4f6dff7f47b0864e2c24ab4fc6c5-1024x859.jpg 1024w, https:\/\/kasutusluba.tangovara.eu\/kasutusluba\/wp-content\/uploads\/2024\/08\/5b2f5bf6a1dd4f6dff7f47b0864e2c24ab4fc6c5-768x644.jpg 768w\" sizes=\"auto, (max-width: 1280px) 100vw, 1280px\" \/><span aria-hidden=\"true\" class=\"wp-block-cover__background has-black-background-color has-background-dim-60 has-background-dim\"><\/span><div class=\"wp-block-cover__inner-container is-layout-flow wp-block-cover-is-layout-flow\">\n<div class=\"wp-block-group has-global-padding is-layout-constrained wp-block-group-is-layout-constrained\" style=\"padding-top:var(--wp--preset--spacing--60);padding-bottom:var(--wp--preset--spacing--60)\">\n<h1 class=\"wp-block-heading alignwide has-text-align-left has-text-color has-x-large-font-size\" style=\"color:#fffffffc\">Hinnakirja \u00dclevaade<\/h1>\n<\/div>\n<\/div><\/div>\n<\/div>\n\n\n\n<div class=\"wp-block-group alignfull has-background-background-color has-background has-global-padding is-layout-constrained wp-container-core-group-is-layout-254d6575 wp-block-group-is-layout-constrained\" style=\"margin-top:0;margin-bottom:0;padding-top:var(--wp--preset--spacing--60);padding-right:var(--wp--preset--spacing--30);padding-bottom:var(--wp--preset--spacing--60);padding-left:var(--wp--preset--spacing--30)\">\n<div class=\"wp-block-group alignwide has-global-padding is-content-justification-left is-layout-constrained wp-container-core-group-is-layout-8b4c372c wp-block-group-is-layout-constrained\">\n<h3 class=\"wp-block-heading has-text-align-left\">Kasutusloa teenused<\/h3>\n\n\n\n<p class=\"has-text-align-left\" style=\"margin-top:16px\">Leidke allpool meie kasutusloa ja kasutusteatisega seotud teenuste hinnakiri. K\u00f5ik hinnad on eurodes (\u20ac). Tutvuge valikutega ja v\u00f5tke \u00fchendust sobiva lahenduse leidmiseks.<\/p>\n<\/div>\n\n\n\n<div class=\"wp-block-columns alignwide is-layout-flex wp-container-core-columns-is-layout-e1fea541 wp-block-columns-is-layout-flex\" style=\"margin-top:var(--wp--preset--spacing--50)\">\n<div class=\"wp-block-column has-tertiary-background-color has-background is-layout-flow wp-block-column-is-layout-flow\">\n<div class=\"wp-block-group has-secondary-color has-foreground-background-color has-text-color has-background has-link-color wp-elements-d792386f6e96056ccc73567b8414af71 has-global-padding is-layout-constrained wp-container-core-group-is-layout-eb524166 wp-block-group-is-layout-constrained\" style=\"padding-top:var(--wp--preset--spacing--40);padding-right:var(--wp--preset--spacing--30);padding-bottom:var(--wp--preset--spacing--40);padding-left:var(--wp--preset--spacing--30)\">\n<h2 class=\"wp-block-heading has-text-align-left\" style=\"margin-top:12px\">2150 \u20ac<\/h2>\n\n\n\n<h3 class=\"wp-block-heading has-text-align-left\" style=\"margin-top:16px;font-size:clamp(14px, 0.875rem + ((1vw - 3.2px) * 0.625), 20px);\">Kasutusloa taotlus<\/h3>\n\n\n\n<p class=\"has-small-font-size\" style=\"margin-top:var(--wp--preset--spacing--40)\">Taotlege kasutusluba meiega &#8211; kiire ja t\u00f5hus teenus alates 2150 \u20ac. Kogu protsess professionaalse meeskonna abiga.<\/p>\n\n\n\n<div class=\"wp-block-buttons is-layout-flex wp-block-buttons-is-layout-flex\" style=\"margin-top:var(--wp--preset--spacing--40)\">\n<div class=\"wp-block-button has-custom-width wp-block-button__width-100 is-style-outline is-style-outline--1\"><a class=\"wp-block-button__link wp-element-button\" href=\"https:\/\/kasutusluba.tangovara.eu\/kasutusluba\/kasutusluba\/\">Alustage siit<\/a><\/div>\n<\/div>\n<\/div>\n<\/div>\n\n\n\n<div class=\"wp-block-column has-secondary-color has-foreground-background-color has-text-color has-background has-link-color wp-elements-4af576a684148c28b074f643b39db1fb is-layout-flow wp-block-column-is-layout-flow\">\n<div class=\"wp-block-group has-global-padding is-layout-constrained wp-container-core-group-is-layout-eb524166 wp-block-group-is-layout-constrained\" style=\"padding-top:var(--wp--preset--spacing--40);padding-right:var(--wp--preset--spacing--30);padding-bottom:var(--wp--preset--spacing--40);padding-left:var(--wp--preset--spacing--30)\">\n<h2 class=\"wp-block-heading has-text-align-left\" style=\"margin-top:12px\">1900 \u20ac<\/h2>\n\n\n\n<h3 class=\"wp-block-heading has-text-align-left\" style=\"margin-top:16px;font-size:clamp(14px, 0.875rem + ((1vw - 3.2px) * 0.625), 20px);\">Kasutusteatis<\/h3>\n\n\n\n<p class=\"has-small-font-size\" style=\"margin-top:var(--wp--preset--spacing--40)\">Tango Vara O\u00dc &#8211; teie usaldusv\u00e4\u00e4rne partner kasutusteatisete hankimisel, alates 1900 \u20ac.<\/p>\n\n\n\n<div class=\"wp-block-buttons is-layout-flex wp-block-buttons-is-layout-flex\" style=\"margin-top:var(--wp--preset--spacing--40)\">\n<div class=\"wp-block-button has-custom-width wp-block-button__width-100 is-style-outline is-style-outline--2\"><a class=\"wp-block-button__link wp-element-button\" href=\"https:\/\/kasutusluba.tangovara.eu\/kasutusluba\/kasutusteatis\/\">Alustage siit<\/a><\/div>\n<\/div>\n<\/div>\n<\/div>\n\n\n\n<div class=\"wp-block-column has-tertiary-background-color has-background is-layout-flow wp-block-column-is-layout-flow\">\n<div class=\"wp-block-group has-secondary-color has-foreground-background-color has-text-color has-background has-link-color wp-elements-2019060e18a23fe8e383698d51687b3e has-global-padding is-layout-constrained wp-container-core-group-is-layout-eb524166 wp-block-group-is-layout-constrained\" style=\"padding-top:var(--wp--preset--spacing--40);padding-right:var(--wp--preset--spacing--30);padding-bottom:var(--wp--preset--spacing--40);padding-left:var(--wp--preset--spacing--30)\">\n<h2 class=\"wp-block-heading has-text-align-left\" style=\"margin-top:12px\">2300 \u20ac<\/h2>\n\n\n\n<h3 class=\"wp-block-heading has-text-align-left\" style=\"margin-top:16px;font-size:clamp(14px, 0.875rem + ((1vw - 3.2px) * 0.625), 20px);\">mUUdAtusprojekt<\/h3>\n\n\n\n<p class=\"has-small-font-size\" style=\"margin-top:var(--wp--preset--spacing--40)\">T\u00e4ielik hoonestusprojekti koostamine ja n\u00f5ustamine, et tagada edukas kasutusloa saamine. Hind alates 2300 \u20ac.<\/p>\n\n\n\n<div class=\"wp-block-buttons is-layout-flex wp-block-buttons-is-layout-flex\" style=\"margin-top:var(--wp--preset--spacing--40)\">\n<div class=\"wp-block-button has-custom-width wp-block-button__width-100 is-style-outline is-style-outline--3\"><a class=\"wp-block-button__link wp-element-button\" href=\"https:\/\/kasutusluba.tangovara.eu\/kasutusluba\/kontakt-2\/\">Alustage siit<\/a><\/div>\n<\/div>\n<\/div>\n<\/div>\n<\/div>\n<\/div>\n\n\n\n<div class=\"wp-block-group alignfull is-style-fill has-background-background-color has-background has-global-padding is-layout-constrained wp-container-core-group-is-layout-7276a2bb wp-block-group-is-layout-constrained\" style=\"margin-top:0;margin-bottom:0;padding-top:var(--wp--preset--spacing--60);padding-right:var(--wp--preset--spacing--30);padding-bottom:var(--wp--preset--spacing--60);padding-left:var(--wp--preset--spacing--30)\">\n<div class=\"wp-block-group alignwide has-global-padding is-content-justification-left is-layout-constrained wp-container-core-group-is-layout-8b4c372c wp-block-group-is-layout-constrained\">\n<h3 class=\"wp-block-heading\" style=\"margin-top:12px\">Ohutus ja turvalisus on meie missioon<\/h3>\n\n\n\n<p style=\"margin-top:16px\">Teie usaldus on meie jaoks hinnaline. <\/p>\n<\/div>\n\n\n\n<div class=\"wp-block-columns alignwide is-layout-flex wp-container-core-columns-is-layout-28f84493 wp-block-columns-is-layout-flex\">\n<div class=\"wp-block-column has-background-background-color has-background is-layout-flow wp-block-column-is-layout-flow\">\n<div class=\"wp-block-group has-secondary-background-color has-background has-global-padding is-layout-constrained wp-container-core-group-is-layout-24fca791 wp-block-group-is-layout-constrained\" style=\"padding-top:var(--wp--preset--spacing--30);padding-right:24px;padding-bottom:var(--wp--preset--spacing--30);padding-left:24px\">\n<p>Tango Vara O\u00dc on kindel partner, aidates teid h\u00f5lpsalt ja professionaalselt hoonete seadustamisel.<\/p>\n\n\n\n<div class=\"wp-block-group is-nowrap is-layout-flex wp-container-core-group-is-layout-3b4e9d3e wp-block-group-is-layout-flex\">\n<figure class=\"wp-block-image aligncenter size-full is-resized is-style-rounded\"><img loading=\"lazy\" decoding=\"async\" width=\"96\" height=\"97\" src=\"https:\/\/kasutusluba.tangovara.eu\/kasutusluba\/wp-content\/uploads\/2024\/04\/extendify-demo-logo.png\" alt=\"logo\" class=\"wp-image-26\" style=\"width:67px;height:auto\"\/><\/figure>\n\n\n\n<div class=\"wp-block-group has-global-padding is-layout-constrained wp-block-group-is-layout-constrained\">\n<h4 class=\"wp-block-heading has-text-align-left has-small-font-size\">TARMO Tamm<\/h4>\n\n\n\n<p class=\"has-text-align-left has-small-font-size\" style=\"margin-top:2px\">Manager<\/p>\n\n\n\n<p class=\"has-text-align-left has-small-font-size\" style=\"margin-top:2px\">tarmo@tangovara.eu<\/p>\n<\/div>\n<\/div>\n<\/div>\n<\/div>\n\n\n\n<div class=\"wp-block-column has-background-background-color has-background is-layout-flow wp-block-column-is-layout-flow\">\n<div class=\"wp-block-group has-secondary-background-color has-background has-global-padding is-layout-constrained wp-container-core-group-is-layout-24fca791 wp-block-group-is-layout-constrained\" style=\"padding-top:var(--wp--preset--spacing--30);padding-right:24px;padding-bottom:var(--wp--preset--spacing--30);padding-left:24px\">\n<p>Tango Vara O\u00dc  aitab teil t\u00f5rgeteta ja sujuvalt taotleda kasutusluba.<\/p>\n\n\n\n<div class=\"wp-block-group is-nowrap is-layout-flex wp-container-core-group-is-layout-3b4e9d3e wp-block-group-is-layout-flex\">\n<figure class=\"wp-block-image aligncenter size-large is-resized is-style-rounded\"><img loading=\"lazy\" decoding=\"async\" width=\"1024\" height=\"1024\" src=\"https:\/\/kasutusluba.tangovara.eu\/kasutusluba\/wp-content\/uploads\/2026\/03\/2026-03-17-12-23-53-6163b602-fab1-4fbd-9faf-7837c0133800.png\" alt=\"Logo meenutav kolmikleht roheline sinine kollane\" class=\"wp-image-474\" style=\"width:73px;height:auto\" srcset=\"https:\/\/kasutusluba.tangovara.eu\/kasutusluba\/wp-content\/uploads\/2026\/03\/2026-03-17-12-23-53-6163b602-fab1-4fbd-9faf-7837c0133800.png 1024w, https:\/\/kasutusluba.tangovara.eu\/kasutusluba\/wp-content\/uploads\/2026\/03\/2026-03-17-12-23-53-6163b602-fab1-4fbd-9faf-7837c0133800-300x300.png 300w, https:\/\/kasutusluba.tangovara.eu\/kasutusluba\/wp-content\/uploads\/2026\/03\/2026-03-17-12-23-53-6163b602-fab1-4fbd-9faf-7837c0133800-150x150.png 150w, https:\/\/kasutusluba.tangovara.eu\/kasutusluba\/wp-content\/uploads\/2026\/03\/2026-03-17-12-23-53-6163b602-fab1-4fbd-9faf-7837c0133800-768x768.png 768w\" sizes=\"auto, (max-width: 1024px) 100vw, 1024px\" \/><\/figure>\n\n\n\n<div class=\"wp-block-group has-global-padding is-layout-constrained wp-block-group-is-layout-constrained\">\n<h4 class=\"wp-block-heading has-text-align-left has-small-font-size\">kontakt<\/h4>\n\n\n\n<p class=\"has-text-align-left has-small-font-size\" style=\"margin-top:2px\">tangovara@tangovara.eu<\/p>\n<\/div>\n<\/div>\n<\/div>\n<\/div>\n\n\n\n<div class=\"wp-block-column has-background-background-color has-background is-layout-flow wp-block-column-is-layout-flow\">\n<div class=\"wp-block-group has-secondary-background-color has-background has-global-padding is-layout-constrained wp-container-core-group-is-layout-24fca791 wp-block-group-is-layout-constrained\" style=\"padding-top:var(--wp--preset--spacing--30);padding-right:24px;padding-bottom:var(--wp--preset--spacing--30);padding-left:24px\">\n<p>Tango Vara O\u00dc pakub konsultatsioone seadustamise taotlemise protsessides, tagades korrektse asjaajamise ja dokumentatsiooni.<\/p>\n\n\n\n<div class=\"wp-block-group is-nowrap is-layout-flex wp-container-core-group-is-layout-3b4e9d3e wp-block-group-is-layout-flex\">\n<figure class=\"wp-block-image aligncenter size-full is-resized is-style-rounded\"><img loading=\"lazy\" decoding=\"async\" width=\"96\" height=\"97\" src=\"https:\/\/kasutusluba.tangovara.eu\/kasutusluba\/wp-content\/uploads\/2024\/04\/extendify-demo-logo.png\" alt=\"logo\" class=\"wp-image-26\" style=\"width:42px;height:auto\"\/><\/figure>\n\n\n\n<div class=\"wp-block-group has-global-padding is-layout-constrained wp-block-group-is-layout-constrained\">\n<h4 class=\"wp-block-heading has-text-align-left has-small-font-size\">Anne-Lii Elvei<\/h4>\n\n\n\n<p class=\"has-text-align-left has-small-font-size\" style=\"margin-top:2px\">Projektijuht<\/p>\n<\/div>\n<\/div>\n<\/div>\n<\/div>\n<\/div>\n<\/div>\n\n\n\n<div class=\"wp-block-contact-form-7-contact-form-selector\">\n<div class=\"wpcf7 no-js\" id=\"wpcf7-f176-o1\" lang=\"et\" dir=\"ltr\" data-wpcf7-id=\"176\">\n<div class=\"screen-reader-response\"><p role=\"status\" aria-live=\"polite\" aria-atomic=\"true\"><\/p> <ul><\/ul><\/div>\n<form action=\"\/kasutusluba\/wp-json\/wp\/v2\/pages\/20#wpcf7-f176-o1\" method=\"post\" class=\"wpcf7-form init\" aria-label=\"Contact form\" novalidate=\"novalidate\" data-status=\"init\">\n<fieldset class=\"hidden-fields-container\"><input type=\"hidden\" name=\"_wpcf7\" value=\"176\" \/><input type=\"hidden\" name=\"_wpcf7_version\" value=\"6.1.5\" \/><input type=\"hidden\" name=\"_wpcf7_locale\" value=\"et\" \/><input type=\"hidden\" name=\"_wpcf7_unit_tag\" value=\"wpcf7-f176-o1\" \/><input type=\"hidden\" name=\"_wpcf7_container_post\" value=\"0\" \/><input type=\"hidden\" name=\"_wpcf7_posted_data_hash\" value=\"\" \/>\n<\/fieldset>\n<p><label> Nimi<br \/>\n<span class=\"wpcf7-form-control-wrap\" data-name=\"your-name\"><input size=\"40\" maxlength=\"400\" class=\"wpcf7-form-control wpcf7-text wpcf7-validates-as-required\" autocomplete=\"name\" aria-required=\"true\" aria-invalid=\"false\" value=\"\" type=\"text\" name=\"your-name\" \/><\/span> <\/label>\n<\/p>\n<p><label> Sinu email<br \/>\n<span class=\"wpcf7-form-control-wrap\" data-name=\"your-email\"><input size=\"40\" maxlength=\"400\" class=\"wpcf7-form-control wpcf7-email wpcf7-validates-as-required wpcf7-text wpcf7-validates-as-email\" autocomplete=\"email\" aria-required=\"true\" aria-invalid=\"false\" value=\"\" type=\"email\" name=\"your-email\" \/><\/span> <\/label>\n<\/p>\n<p><label> Pealkiri<br \/>\n<span class=\"wpcf7-form-control-wrap\" data-name=\"your-subject\"><input size=\"40\" maxlength=\"400\" class=\"wpcf7-form-control wpcf7-text wpcf7-validates-as-required\" aria-required=\"true\" aria-invalid=\"false\" value=\"\" type=\"text\" name=\"your-subject\" \/><\/span> <\/label>\n<\/p>\n<p><label> Kirjuta meile oma soov (soovituslik)<br \/>\n<span class=\"wpcf7-form-control-wrap\" data-name=\"your-message\"><textarea cols=\"40\" rows=\"10\" maxlength=\"2000\" class=\"wpcf7-form-control wpcf7-textarea\" aria-invalid=\"false\" name=\"your-message\"><\/textarea><\/span> <\/label>\n<\/p>\n<p><input class=\"wpcf7-form-control wpcf7-submit has-spinner\" type=\"submit\" value=\"Saada\" \/>\n<\/p><p style=\"display: none !important;\" class=\"akismet-fields-container\" data-prefix=\"_wpcf7_ak_\"><label>&#916;<textarea name=\"_wpcf7_ak_hp_textarea\" cols=\"45\" rows=\"8\" maxlength=\"100\"><\/textarea><\/label><input type=\"hidden\" id=\"ak_js_1\" name=\"_wpcf7_ak_js\" value=\"139\"\/><script>\ndocument.getElementById( \"ak_js_1\" ).setAttribute( \"value\", ( new Date() ).getTime() );\n<\/script>\n<\/p><div class=\"wpcf7-response-output\" aria-hidden=\"true\"><\/div>\n<\/form>\n<\/div>\n<\/div>\n","protected":false},"excerpt":{"rendered":"<p>Kasutusloa teenused Leidke allpool meie kasutusloa ja kasutusteatisega seotud teenuste hinnakiri. K\u00f5ik hinnad on eurodes (\u20ac). Tutvuge valikutega ja v\u00f5tke \u00fchendust sobiva lahenduse leidmiseks. 2150 \u20ac Kasutusloa taotlus Taotlege kasutusluba meiega &#8211; kiire ja t\u00f5hus teenus alates 2150 \u20ac. Kogu protsess professionaalse meeskonna abiga. 1900 \u20ac Kasutusteatis Tango Vara O\u00dc &#8211; teie usaldusv\u00e4\u00e4rne partner kasutusteatisete [&hellip;]<\/p>\n","protected":false},"author":1,"featured_media":0,"parent":0,"menu_order":0,"comment_status":"closed","ping_status":"closed","template":"no-title","meta":{"footnotes":""},"class_list":["post-20","page","type-page","status-publish","hentry"],"aioseo_notices":[],"_links":{"self":[{"href":"https:\/\/kasutusluba.tangovara.eu\/kasutusluba\/wp-json\/wp\/v2\/pages\/20","targetHints":{"allow":["GET"]}}],"collection":[{"href":"https:\/\/kasutusluba.tangovara.eu\/kasutusluba\/wp-json\/wp\/v2\/pages"}],"about":[{"href":"https:\/\/kasutusluba.tangovara.eu\/kasutusluba\/wp-json\/wp\/v2\/types\/page"}],"author":[{"embeddable":true,"href":"https:\/\/kasutusluba.tangovara.eu\/kasutusluba\/wp-json\/wp\/v2\/users\/1"}],"replies":[{"embeddable":true,"href":"https:\/\/kasutusluba.tangovara.eu\/kasutusluba\/wp-json\/wp\/v2\/comments?post=20"}],"version-history":[{"count":34,"href":"https:\/\/kasutusluba.tangovara.eu\/kasutusluba\/wp-json\/wp\/v2\/pages\/20\/revisions"}],"predecessor-version":[{"id":481,"href":"https:\/\/kasutusluba.tangovara.eu\/kasutusluba\/wp-json\/wp\/v2\/pages\/20\/revisions\/481"}],"wp:attachment":[{"href":"https:\/\/kasutusluba.tangovara.eu\/kasutusluba\/wp-json\/wp\/v2\/media?parent=20"}],"curies":[{"name":"wp","href":"https:\/\/api.w.org\/{rel}","templated":true}]}}