{"id":19,"date":"2024-04-08T09:01:08","date_gmt":"2024-04-08T09:01:08","guid":{"rendered":"https:\/\/kasutusluba.tangovara.eu\/kasutusluba\/avaleht\/"},"modified":"2026-04-03T19:45:18","modified_gmt":"2026-04-03T17:45:18","slug":"avaleht","status":"publish","type":"page","link":"https:\/\/kasutusluba.tangovara.eu\/kasutusluba\/","title":{"rendered":"KINNISVARA SEADUSLIKUKS"},"content":{"rendered":"\n<div class=\"wp-block-group alignfull has-background-background-color has-background has-global-padding is-layout-constrained wp-container-core-group-is-layout-6fa30f3f wp-block-group-is-layout-constrained\" style=\"margin-top:0;margin-bottom:0;padding-top:0;padding-right:0;padding-bottom:0;padding-left:0\">\n<div class=\"wp-block-cover alignfull has-small-font-size\" style=\"margin-top:0;margin-bottom:0;padding-right:var(--wp--preset--spacing--40);padding-left:var(--wp--preset--spacing--40);min-height:381px;aspect-ratio:unset;\"><img loading=\"lazy\" decoding=\"async\" width=\"1150\" height=\"713\" class=\"wp-block-cover__image-background wp-image-50\" alt=\"\" src=\"https:\/\/kasutusluba.tangovara.eu\/kasutusluba\/wp-content\/uploads\/2024\/04\/Eestikaartkontuur.png\" style=\"object-position:39% 44%\" data-object-fit=\"cover\" data-object-position=\"39% 44%\" srcset=\"https:\/\/kasutusluba.tangovara.eu\/kasutusluba\/wp-content\/uploads\/2024\/04\/Eestikaartkontuur.png 1150w, https:\/\/kasutusluba.tangovara.eu\/kasutusluba\/wp-content\/uploads\/2024\/04\/Eestikaartkontuur-300x186.png 300w, https:\/\/kasutusluba.tangovara.eu\/kasutusluba\/wp-content\/uploads\/2024\/04\/Eestikaartkontuur-1024x635.png 1024w, https:\/\/kasutusluba.tangovara.eu\/kasutusluba\/wp-content\/uploads\/2024\/04\/Eestikaartkontuur-768x476.png 768w, https:\/\/kasutusluba.tangovara.eu\/kasutusluba\/wp-content\/uploads\/2024\/04\/Eestikaartkontuur-600x372.png 600w\" sizes=\"auto, (max-width: 1150px) 100vw, 1150px\" \/><span aria-hidden=\"true\" class=\"wp-block-cover__background has-black-background-color has-background-dim\"><\/span><div class=\"wp-block-cover__inner-container has-global-padding is-layout-constrained wp-container-core-cover-is-layout-74ccbb19 wp-block-cover-is-layout-constrained\">\n<p class=\"has-text-align-center has-large-font-size\"><strong>KASUTUSLUBA. KASUTUSTEATIS. SEADUSTAMINE<\/strong>.<\/p>\n<\/div><\/div>\n<\/div>\n\n\n\n<div class=\"wp-block-group alignfull has-background-background-color has-background has-global-padding is-layout-constrained wp-container-core-group-is-layout-7276a2bb wp-block-group-is-layout-constrained\" style=\"margin-top:0;margin-bottom:0;padding-top:var(--wp--preset--spacing--60);padding-right:var(--wp--preset--spacing--30);padding-bottom:var(--wp--preset--spacing--60);padding-left:var(--wp--preset--spacing--30)\">\n<div class=\"wp-block-columns alignwide is-layout-flex wp-container-core-columns-is-layout-47c06fe3 wp-block-columns-is-layout-flex\">\n<div class=\"wp-block-column is-layout-flow wp-block-column-is-layout-flow\" style=\"flex-basis:50%\">\n<h3 class=\"wp-block-heading has-text-align-left\" style=\"margin-top:12px\">Tango Vara O\u00dc &#8211; Teie kasutusloa ja kinnisvara ekspert.<\/h3>\n\n\n\n<figure class=\"wp-block-video\"><video height=\"464\" style=\"aspect-ratio: 688 \/ 464;\" width=\"688\" controls src=\"https:\/\/kasutusluba.tangovara.eu\/kasutusluba\/wp-content\/uploads\/2026\/04\/kasutusloaga-maja2OK.mp4\"><\/video><\/figure>\n<\/div>\n\n\n\n<div class=\"wp-block-column is-layout-flow wp-container-core-column-is-layout-f5bb311e wp-block-column-is-layout-flow\" style=\"flex-basis:50%\">\n<p>Tango Vara O\u00dc pakub p\u00f5hjalikke kasutusloa taotlemise teenuseid ja kinnisvaraarendust, tagades teie hoone seaduslikkuse ja turvalisuse. Meie kogenud meeskond, aktiivne alates 2004. aasta, on teie abiline nii hoone seadustamisel kui ka unistuste kinnisvara leidmisel ja loomisel.<\/p>\n\n\n\n<h5 class=\"wp-block-heading has-secondary-background-color has-background\"><strong>KASUTUSLUBA<\/strong> oleme taotlenud klientidele alates aastast 2012.<\/h5>\n\n\n\n<p style=\"margin-top:16px\">Kasutusloa on saanud eramud, suvilad ja paarismajad Harjumaal, Tallinnas, P\u00e4rnumaal ja L\u00e4\u00e4nemaal.<\/p>\n\n\n\n<h3 class=\"wp-block-heading has-text-align-center has-secondary-background-color has-text-color has-background\" style=\"color:#000000;margin-right:0px;margin-left:0px;font-size:clamp(0.929rem, 0.929rem + ((1vw - 0.2rem) * 0.785), 1.4rem);\"><strong>KASUTUSTEATIST<\/strong> oleme taotlenud klientidele alates aastast 2012.<\/h3>\n\n\n\n<p>Kasutusteatise on saanud mitmetes maakondades kinnistusisesed trassid, abihooned, piirded.<\/p>\n\n\n\n<p>Kasutuslubasid ja Kasutusteatisi taotleme koosk\u00f5las Ehitusseadustikuga.<\/p>\n<\/div>\n<\/div>\n<\/div>\n\n\n\n<div class=\"wp-block-columns alignwide is-layout-flex wp-container-core-columns-is-layout-d2da2050 wp-block-columns-is-layout-flex\" style=\"margin-bottom:0\">\n<div class=\"wp-block-column has-text-color has-background has-link-color wp-elements-60125cf1eeb9fe7c03e982d4daf4fd83 is-layout-flow wp-block-column-is-layout-flow\" style=\"color:#000000;background-color:#f4f2cb;padding-top:2em;padding-right:2em;padding-bottom:2em;padding-left:2em\">\n<h6 class=\"wp-block-heading\" id=\"single\" style=\"font-size:clamp(16.834px, 1.052rem + ((1vw - 3.2px) * 0.955), 26px);font-style:normal;font-weight:700\"><a href=\"https:\/\/kasutusluba.tangovara.eu\/kasutusluba\/hinnakiri\/\" rel=\"nofollow\" title=\"\">SEADUSTAMINE<\/a><\/h6>\n\n\n\n<p class=\"has-normal-font-size\" style=\"line-height:1.5\"><strong>Hoone v\u00f5i rajatis, millel pole ehitusluba<\/strong>.<\/p>\n\n\n\n<hr class=\"wp-block-separator has-text-color has-css-opacity has-background is-style-wide\" style=\"background-color:#000000;color:#000000\"\/>\n\n\n\n<ul class=\"wp-block-list has-normal-font-size\">\n<li>Ehitusaudit<\/li>\n\n\n\n<li>M\u00f5\u00f5distusprojekt<\/li>\n\n\n\n<li>K\u00fcttekollete ekspertiis<\/li>\n<\/ul>\n\n\n\n<div class=\"wp-block-buttons alignfull is-horizontal is-content-justification-center is-layout-flex wp-container-core-buttons-is-layout-03627597 wp-block-buttons-is-layout-flex\">\n<div class=\"wp-block-button has-custom-width wp-block-button__width-100\"><a class=\"wp-block-button__link has-white-color has-text-color has-background no-border-radius wp-element-button\" href=\"https:\/\/kasutusluba.tangovara.eu\/kasutusluba\/seadustamine\/\" style=\"background-color:#444229e6\">Vaata edasi<\/a><\/div>\n<\/div>\n<\/div>\n\n\n\n<div class=\"wp-block-column has-text-color has-background has-link-color wp-elements-4531c8f7a27ad131548b44f82a6936ad is-layout-flow wp-block-column-is-layout-flow\" style=\"color:#000000;background-color:#e6e6ec;padding-top:2em;padding-right:2em;padding-bottom:2em;padding-left:2em\">\n<h2 class=\"wp-block-heading\" id=\"family\" style=\"font-size:clamp(16.834px, 1.052rem + ((1vw - 3.2px) * 0.955), 26px);font-style:normal;font-weight:700\"><a href=\"https:\/\/kasutusluba.tangovara.eu\/kasutusluba\/hinnakiri\/\" rel=\"nofollow\" title=\"\">KASUTUSTEATIS<\/a><\/h2>\n\n\n\n<p class=\"has-normal-font-size\" style=\"line-height:1.5\"><strong>Rajatis- torustik, piire, mitteeluhoone.<\/strong><\/p>\n\n\n\n<hr class=\"wp-block-separator has-css-opacity is-style-wide\"\/>\n\n\n\n<ul class=\"wp-block-list has-normal-font-size\">\n<li>Projekt<\/li>\n\n\n\n<li>Kontrollaktid, vastavus<\/li>\n\n\n\n<li>Sertifikaadid<\/li>\n<\/ul>\n\n\n\n<div class=\"wp-block-buttons alignfull is-horizontal is-content-justification-center is-layout-flex wp-container-core-buttons-is-layout-03627597 wp-block-buttons-is-layout-flex\">\n<div class=\"wp-block-button has-custom-width wp-block-button__width-100 is-style-fill\"><a class=\"wp-block-button__link has-white-color has-text-color has-background no-border-radius wp-element-button\" href=\"https:\/\/kasutusluba.tangovara.eu\/kasutusluba\/kasutusteatis\/\" style=\"background-color:#39333de6\">Vaata edasi<\/a><\/div>\n<\/div>\n<\/div>\n\n\n\n<div class=\"wp-block-column has-text-color has-background has-link-color wp-elements-b6410360195d29a69e90af265aea14e1 is-layout-flow wp-block-column-is-layout-flow\" style=\"color:#000000;background-color:#dcf2ef;padding-top:2em;padding-right:2em;padding-bottom:2em;padding-left:2em\">\n<h2 class=\"wp-block-heading\" id=\"patron\" style=\"font-size:clamp(16.834px, 1.052rem + ((1vw - 3.2px) * 0.955), 26px);font-style:normal;font-weight:700\"><a href=\"https:\/\/kasutusluba.tangovara.eu\/kasutusluba\/hinnakiri\/\" rel=\"nofollow\" title=\"\">KASUTUSLUBA<\/a><\/h2>\n\n\n\n<p class=\"has-normal-font-size\"><strong> Ehitusalune pind suurem kui 20m2 ja k\u00f5rgus \u00fcle 5m.<\/strong><\/p>\n\n\n\n<hr class=\"wp-block-separator has-css-opacity is-style-wide\"\/>\n\n\n\n<ul class=\"wp-block-list has-normal-font-size\">\n<li>Ehitusloa saanud ehitusprojekt<\/li>\n\n\n\n<li>Ehitusj\u00e4rgne topo-geodeetiline m\u00f5\u00f5distus<\/li>\n\n\n\n<li>Ehitusdokumendid<\/li>\n<\/ul>\n\n\n\n<div class=\"wp-block-buttons alignfull is-horizontal is-content-justification-center is-layout-flex wp-container-core-buttons-is-layout-03627597 wp-block-buttons-is-layout-flex\">\n<div class=\"wp-block-button has-custom-width wp-block-button__width-100\"><a class=\"wp-block-button__link has-white-color has-text-color has-background no-border-radius wp-element-button\" href=\"https:\/\/kasutusluba.tangovara.eu\/kasutusluba\/kasutusluba\/\" style=\"background-color:#3e4545e6\">Vaata edasi<\/a><\/div>\n<\/div>\n<\/div>\n<\/div>\n\n\n\n<div class=\"wp-block-group alignfull has-background-background-color has-background has-global-padding is-layout-constrained wp-container-core-group-is-layout-7276a2bb wp-block-group-is-layout-constrained\" style=\"margin-top:0;margin-bottom:0;padding-top:var(--wp--preset--spacing--60);padding-right:var(--wp--preset--spacing--30);padding-bottom:var(--wp--preset--spacing--60);padding-left:var(--wp--preset--spacing--30)\">\n<div class=\"wp-block-group alignwide has-global-padding is-content-justification-center is-layout-constrained wp-block-group-is-layout-constrained\">\n<h2 class=\"wp-block-heading has-text-align-center\">Kasutusload ja teatised Harjumaal<\/h2>\n\n\n\n<p class=\"has-text-align-center\" style=\"margin-top:16px\">Tango Vara O\u00dc &#8211; Teie abiline hoone seadustamisel. Tagame ohutuse ja turvalisuse teie kodule. Eramud, suvilad v\u00f5i paarismajad &#8211; meie toome teie varale seaduslikkuse.<\/p>\n<\/div>\n\n\n\n<div class=\"wp-block-columns alignwide is-layout-flex wp-container-core-columns-is-layout-d0846407 wp-block-columns-is-layout-flex\">\n<div class=\"wp-block-column is-layout-flow wp-block-column-is-layout-flow\">\n<figure class=\"wp-block-image size-full is-resized ext-aspect-landscape\"><img loading=\"lazy\" decoding=\"async\" width=\"1000\" height=\"794\" src=\"https:\/\/kasutusluba.tangovara.eu\/kasutusluba\/wp-content\/uploads\/2024\/04\/4724c06fb94050a3e3e38400af15dc52.jpg\" alt=\"\" class=\"wp-image-57\" style=\"width:388px;height:auto\" srcset=\"https:\/\/kasutusluba.tangovara.eu\/kasutusluba\/wp-content\/uploads\/2024\/04\/4724c06fb94050a3e3e38400af15dc52.jpg 1000w, https:\/\/kasutusluba.tangovara.eu\/kasutusluba\/wp-content\/uploads\/2024\/04\/4724c06fb94050a3e3e38400af15dc52-300x238.jpg 300w, https:\/\/kasutusluba.tangovara.eu\/kasutusluba\/wp-content\/uploads\/2024\/04\/4724c06fb94050a3e3e38400af15dc52-768x610.jpg 768w, https:\/\/kasutusluba.tangovara.eu\/kasutusluba\/wp-content\/uploads\/2024\/04\/4724c06fb94050a3e3e38400af15dc52-600x476.jpg 600w\" sizes=\"auto, (max-width: 1000px) 100vw, 1000px\" \/><\/figure>\n\n\n\n<h3 class=\"wp-block-heading has-text-align-center\" style=\"margin-top:24px;font-size:clamp(14px, 0.875rem + ((1vw - 3.2px) * 0.625), 20px);line-height:1.5\">Kasutusloa taotlus<\/h3>\n\n\n\n<p class=\"has-text-align-center has-small-font-size\" style=\"margin-top:8px\">Tango Vara O\u00dc &#8211; Teie kindel tugi kasutuslubade ja teatiste taotlemisel.<\/p>\n<\/div>\n\n\n\n<div class=\"wp-block-column is-layout-flow wp-block-column-is-layout-flow\">\n<figure class=\"wp-block-image size-large is-resized ext-aspect-landscape\"><img loading=\"lazy\" decoding=\"async\" width=\"1024\" height=\"576\" src=\"https:\/\/kasutusluba.tangovara.eu\/kasutusluba\/wp-content\/uploads\/2024\/04\/Looduskivitee4-Turisalu_maja-10-2-1024x576.jpg\" alt=\"\" class=\"wp-image-63\" style=\"width:409px;height:auto\" srcset=\"https:\/\/kasutusluba.tangovara.eu\/kasutusluba\/wp-content\/uploads\/2024\/04\/Looduskivitee4-Turisalu_maja-10-2-1024x576.jpg 1024w, https:\/\/kasutusluba.tangovara.eu\/kasutusluba\/wp-content\/uploads\/2024\/04\/Looduskivitee4-Turisalu_maja-10-2-300x169.jpg 300w, https:\/\/kasutusluba.tangovara.eu\/kasutusluba\/wp-content\/uploads\/2024\/04\/Looduskivitee4-Turisalu_maja-10-2-768x432.jpg 768w, https:\/\/kasutusluba.tangovara.eu\/kasutusluba\/wp-content\/uploads\/2024\/04\/Looduskivitee4-Turisalu_maja-10-2-600x338.jpg 600w, https:\/\/kasutusluba.tangovara.eu\/kasutusluba\/wp-content\/uploads\/2024\/04\/Looduskivitee4-Turisalu_maja-10-2.jpg 1164w\" sizes=\"auto, (max-width: 1024px) 100vw, 1024px\" \/><\/figure>\n\n\n\n<h3 class=\"wp-block-heading has-text-align-center\" style=\"margin-top:24px;font-size:clamp(14px, 0.875rem + ((1vw - 3.2px) * 0.625), 20px);line-height:1.5\">Kasutusteatis<\/h3>\n\n\n\n<p class=\"has-text-align-center has-small-font-size\" style=\"margin-top:8px\">Tango Vara O\u00dc &#8211; Eksperdid kasutuslubade ja -teatiste alal.<\/p>\n<\/div>\n\n\n\n<div class=\"wp-block-column is-layout-flow wp-block-column-is-layout-flow\">\n<figure class=\"wp-block-image size-large ext-aspect-landscape\"><img loading=\"lazy\" decoding=\"async\" width=\"1024\" height=\"769\" src=\"https:\/\/kasutusluba.tangovara.eu\/kasutusluba\/wp-content\/uploads\/2024\/04\/Abara-kliendip_20230503-110-1024x769.jpg\" alt=\"\" class=\"wp-image-68\" srcset=\"https:\/\/kasutusluba.tangovara.eu\/kasutusluba\/wp-content\/uploads\/2024\/04\/Abara-kliendip_20230503-110-1024x769.jpg 1024w, https:\/\/kasutusluba.tangovara.eu\/kasutusluba\/wp-content\/uploads\/2024\/04\/Abara-kliendip_20230503-110-300x225.jpg 300w, https:\/\/kasutusluba.tangovara.eu\/kasutusluba\/wp-content\/uploads\/2024\/04\/Abara-kliendip_20230503-110-768x577.jpg 768w, https:\/\/kasutusluba.tangovara.eu\/kasutusluba\/wp-content\/uploads\/2024\/04\/Abara-kliendip_20230503-110-1536x1153.jpg 1536w, https:\/\/kasutusluba.tangovara.eu\/kasutusluba\/wp-content\/uploads\/2024\/04\/Abara-kliendip_20230503-110-2048x1538.jpg 2048w, https:\/\/kasutusluba.tangovara.eu\/kasutusluba\/wp-content\/uploads\/2024\/04\/Abara-kliendip_20230503-110-600x451.jpg 600w\" sizes=\"auto, (max-width: 1024px) 100vw, 1024px\" \/><\/figure>\n\n\n\n<h3 class=\"wp-block-heading has-text-align-center\" style=\"margin-top:24px;font-size:clamp(14px, 0.875rem + ((1vw - 3.2px) * 0.625), 20px);line-height:1.5\">Kinnisvara arendus<\/h3>\n\n\n\n<p class=\"has-text-align-center has-small-font-size\" style=\"margin-top:8px\">Pakume kvaliteetseid kinnisvaraarendusprojekte ja aitame teil leida ideaalse investeeringu.<\/p>\n<\/div>\n<\/div>\n<\/div>\n\n\n\n<div class=\"wp-block-group alignfull has-background-background-color has-background has-global-padding is-layout-constrained wp-container-core-group-is-layout-fb85e995 wp-block-group-is-layout-constrained\" style=\"margin-top:0;margin-bottom:0;padding-top:var(--wp--preset--spacing--60);padding-right:var(--wp--preset--spacing--30);padding-bottom:var(--wp--preset--spacing--60);padding-left:var(--wp--preset--spacing--30)\">\n<h3 class=\"wp-block-heading has-text-align-center\" style=\"margin-top:12px\">Alustage kasutusloa taotlust<\/h3>\n\n\n\n<p class=\"has-text-align-center\" style=\"margin-top:16px\">Kas vajate kasutusluba v\u00f5i kasutusteatist? Meie asjatundjad aitavad teil k\u00f5iki vajalikke dokumente ette valmistada.<\/p>\n\n\n\n<div class=\"wp-block-buttons is-content-justification-center is-layout-flex wp-container-core-buttons-is-layout-720bcce9 wp-block-buttons-is-layout-flex\">\n<div class=\"wp-block-button\"><a class=\"wp-block-button__link wp-element-button\" href=\"https:\/\/kasutusluba.tangovara.eu\/kasutusluba\/hinnakiri\/\">P\u00e4ri teenuse hinda<\/a><\/div>\n<\/div>\n<\/div>\n","protected":false},"excerpt":{"rendered":"<p>Tango Vara O\u00dc &#8211; Teie kasutusloa ja kinnisvara ekspert. Tango Vara O\u00dc pakub p\u00f5hjalikke kasutusloa taotlemise teenuseid ja kinnisvaraarendust, tagades teie hoone seaduslikkuse ja turvalisuse. Meie kogenud meeskond, aktiivne alates 2004. aasta, on teie abiline nii hoone seadustamisel kui ka unistuste kinnisvara leidmisel ja loomisel. KASUTUSLUBA oleme taotlenud klientidele alates aastast 2012. Kasutusloa on saanud [&hellip;]<\/p>\n","protected":false},"author":1,"featured_media":0,"parent":0,"menu_order":0,"comment_status":"closed","ping_status":"closed","template":"no-title","meta":{"footnotes":""},"class_list":["post-19","page","type-page","status-publish","hentry"],"aioseo_notices":[],"_links":{"self":[{"href":"https:\/\/kasutusluba.tangovara.eu\/kasutusluba\/wp-json\/wp\/v2\/pages\/19","targetHints":{"allow":["GET"]}}],"collection":[{"href":"https:\/\/kasutusluba.tangovara.eu\/kasutusluba\/wp-json\/wp\/v2\/pages"}],"about":[{"href":"https:\/\/kasutusluba.tangovara.eu\/kasutusluba\/wp-json\/wp\/v2\/types\/page"}],"author":[{"embeddable":true,"href":"https:\/\/kasutusluba.tangovara.eu\/kasutusluba\/wp-json\/wp\/v2\/users\/1"}],"replies":[{"embeddable":true,"href":"https:\/\/kasutusluba.tangovara.eu\/kasutusluba\/wp-json\/wp\/v2\/comments?post=19"}],"version-history":[{"count":31,"href":"https:\/\/kasutusluba.tangovara.eu\/kasutusluba\/wp-json\/wp\/v2\/pages\/19\/revisions"}],"predecessor-version":[{"id":499,"href":"https:\/\/kasutusluba.tangovara.eu\/kasutusluba\/wp-json\/wp\/v2\/pages\/19\/revisions\/499"}],"wp:attachment":[{"href":"https:\/\/kasutusluba.tangovara.eu\/kasutusluba\/wp-json\/wp\/v2\/media?parent=19"}],"curies":[{"name":"wp","href":"https:\/\/api.w.org\/{rel}","templated":true}]}}