{"id":188,"date":"2024-04-09T12:04:40","date_gmt":"2024-04-09T12:04:40","guid":{"rendered":"https:\/\/kasutusluba.tangovara.eu\/kasutusluba\/?page_id=188"},"modified":"2024-04-09T14:27:12","modified_gmt":"2024-04-09T14:27:12","slug":"kasutusteatis","status":"publish","type":"page","link":"https:\/\/kasutusluba.tangovara.eu\/kasutusluba\/kasutusteatis\/","title":{"rendered":"Kasutusteatis"},"content":{"rendered":"\n<h1 class=\"wp-block-heading alignfull has-text-align-center has-secondary-background-color has-background\">2. Kasutusteatis<\/h1>\n\n\n\n<div class=\"wp-block-group alignfull has-background-background-color has-background has-global-padding is-layout-constrained wp-container-core-group-is-layout-7276a2bb wp-block-group-is-layout-constrained\" style=\"margin-top:0;margin-bottom:0;padding-top:var(--wp--preset--spacing--60);padding-right:var(--wp--preset--spacing--30);padding-bottom:var(--wp--preset--spacing--60);padding-left:var(--wp--preset--spacing--30)\">\n<div class=\"wp-block-columns alignwide is-layout-flex wp-container-core-columns-is-layout-fa584acd wp-block-columns-is-layout-flex\">\n<div class=\"wp-block-column is-layout-flow wp-block-column-is-layout-flow\" style=\"flex-basis:50%\">\n<div class=\"wp-block-group is-layout-flow wp-block-group-is-layout-flow\">\n<p><strong>Kasutusteatis<\/strong> on kohususlik ehitisele, mis \u00fcletab ehitusaluse pinna 20m<sup>2<\/sup>&nbsp;ja k\u00f5rguse \u00fcle 5 m. Fassaadi ja torustike t\u00f6\u00f6de korral ja lisarajatiste ehitamisel. Ehitusseadusest tulenvatest n\u00f5uetest leiab t\u00e4psema info&nbsp;<a href=\"https:\/\/kasutusluba.tangovara.eu\/test\/kasutusluba\/\">Kasutusluba<\/a>&nbsp;teemas lisatud tabelist.<\/p>\n<\/div>\n\n\n\n<hr class=\"wp-block-separator has-text-color has-tertiary-color has-alpha-channel-opacity has-tertiary-background-color has-background is-style-wide\"\/>\n\n\n\n<h4 class=\"wp-block-heading\" id=\"kasutusteatisele-esitatavad-dokumendid\">Kasutusteatisele esitatavad dokumendid<\/h4>\n\n\n\n<ul class=\"wp-block-list\">\n<li>Ehitusprojekt juhul kui see Ehitusseadustiku Lisa 2&nbsp;<a href=\"https:\/\/www.riigiteataja.ee\/aktilisa\/1050\/3201\/5001\/Lisa_2.pdf\" target=\"_blank\" rel=\"noreferrer noopener\">tabeli<\/a>&nbsp;j\u00e4rgi on n\u00f5utav.<\/li>\n\n\n\n<li>Ehitusdokumentatsioon, sh. aktid, vajadusel nt. k\u00fcttes\u00fcsteem survestusprotokollid.<\/li>\n\n\n\n<li>Sertifikaadid ja paigaldus-hooldusjuhendid.<\/li>\n<\/ul>\n<\/div>\n\n\n\n<div class=\"wp-block-column is-layout-flow wp-block-column-is-layout-flow\" style=\"flex-basis:50%\">\n<div class=\"wp-block-group has-global-padding is-layout-constrained wp-block-group-is-layout-constrained\">\n<h4 class=\"wp-block-heading\" id=\"osaline-loetelu\">Osaline loetelu<\/h4>\n\n\n\n<ul class=\"wp-block-list\">\n<li>Vee- ja kanalisatsiooni torustik,<\/li>\n\n\n\n<li>puurkaev,<\/li>\n\n\n\n<li>kogumismahuti,<\/li>\n\n\n\n<li>kogumiskaev,<\/li>\n\n\n\n<li>septik.<\/li>\n\n\n\n<li>K\u00fcttes\u00fcsteemi muutmine.<\/li>\n\n\n\n<li>Ehitise laiendamine jt.<\/li>\n<\/ul>\n<\/div>\n\n\n\n<p>Ehitisregistris taotluse vormil&nbsp;<em>ei esitata eluruumide andmed&nbsp;<\/em>nt. soojusvarustuse, soojusallika, energia liik. tualetid, pesemisv\u00f5ialus jms<\/p>\n<\/div>\n<\/div>\n<\/div>\n\n\n\n<p class=\"has-text-align-center\"><strong>Riigil\u00f5ivu ei rakendu.<\/strong><\/p>\n\n\n\n<p class=\"has-text-align-center\">Kui aga vajate rohkem infot v\u00f5i saame kaasa aidata kiirema ja parema tulemuse nimel, oleme ootamas kirja, millele kiirelt reageerime.<\/p>\n\n\n\n<div class=\"wp-block-contact-form-7-contact-form-selector\">\n<div class=\"wpcf7 no-js\" id=\"wpcf7-f176-o1\" lang=\"et\" dir=\"ltr\" data-wpcf7-id=\"176\">\n<div class=\"screen-reader-response\"><p role=\"status\" aria-live=\"polite\" aria-atomic=\"true\"><\/p> <ul><\/ul><\/div>\n<form action=\"\/kasutusluba\/wp-json\/wp\/v2\/pages\/188#wpcf7-f176-o1\" method=\"post\" class=\"wpcf7-form init\" aria-label=\"Contact form\" novalidate=\"novalidate\" data-status=\"init\">\n<fieldset class=\"hidden-fields-container\"><input type=\"hidden\" name=\"_wpcf7\" value=\"176\" \/><input type=\"hidden\" name=\"_wpcf7_version\" value=\"6.1.5\" \/><input type=\"hidden\" name=\"_wpcf7_locale\" value=\"et\" \/><input type=\"hidden\" name=\"_wpcf7_unit_tag\" value=\"wpcf7-f176-o1\" \/><input type=\"hidden\" name=\"_wpcf7_container_post\" value=\"0\" \/><input type=\"hidden\" name=\"_wpcf7_posted_data_hash\" value=\"\" \/>\n<\/fieldset>\n<p><label> Nimi<br \/>\n<span class=\"wpcf7-form-control-wrap\" data-name=\"your-name\"><input size=\"40\" maxlength=\"400\" class=\"wpcf7-form-control wpcf7-text wpcf7-validates-as-required\" autocomplete=\"name\" aria-required=\"true\" aria-invalid=\"false\" value=\"\" type=\"text\" name=\"your-name\" \/><\/span> <\/label>\n<\/p>\n<p><label> Sinu email<br \/>\n<span class=\"wpcf7-form-control-wrap\" data-name=\"your-email\"><input size=\"40\" maxlength=\"400\" class=\"wpcf7-form-control wpcf7-email wpcf7-validates-as-required wpcf7-text wpcf7-validates-as-email\" autocomplete=\"email\" aria-required=\"true\" aria-invalid=\"false\" value=\"\" type=\"email\" name=\"your-email\" \/><\/span> <\/label>\n<\/p>\n<p><label> Pealkiri<br \/>\n<span class=\"wpcf7-form-control-wrap\" data-name=\"your-subject\"><input size=\"40\" maxlength=\"400\" class=\"wpcf7-form-control wpcf7-text wpcf7-validates-as-required\" aria-required=\"true\" aria-invalid=\"false\" value=\"\" type=\"text\" name=\"your-subject\" \/><\/span> <\/label>\n<\/p>\n<p><label> Kirjuta meile oma soov (soovituslik)<br \/>\n<span class=\"wpcf7-form-control-wrap\" data-name=\"your-message\"><textarea cols=\"40\" rows=\"10\" maxlength=\"2000\" class=\"wpcf7-form-control wpcf7-textarea\" aria-invalid=\"false\" name=\"your-message\"><\/textarea><\/span> <\/label>\n<\/p>\n<p><input class=\"wpcf7-form-control wpcf7-submit has-spinner\" type=\"submit\" value=\"Saada\" \/>\n<\/p><p style=\"display: none !important;\" class=\"akismet-fields-container\" data-prefix=\"_wpcf7_ak_\"><label>&#916;<textarea name=\"_wpcf7_ak_hp_textarea\" cols=\"45\" rows=\"8\" maxlength=\"100\"><\/textarea><\/label><input type=\"hidden\" id=\"ak_js_1\" name=\"_wpcf7_ak_js\" value=\"70\"\/><script>\ndocument.getElementById( \"ak_js_1\" ).setAttribute( \"value\", ( new Date() ).getTime() );\n<\/script>\n<\/p><div class=\"wpcf7-response-output\" aria-hidden=\"true\"><\/div>\n<\/form>\n<\/div>\n<\/div>\n","protected":false},"excerpt":{"rendered":"<p>2. Kasutusteatis Kasutusteatis on kohususlik ehitisele, mis \u00fcletab ehitusaluse pinna 20m2&nbsp;ja k\u00f5rguse \u00fcle 5 m. Fassaadi ja torustike t\u00f6\u00f6de korral ja lisarajatiste ehitamisel. Ehitusseadusest tulenvatest n\u00f5uetest leiab t\u00e4psema info&nbsp;Kasutusluba&nbsp;teemas lisatud tabelist. Kasutusteatisele esitatavad dokumendid Osaline loetelu Ehitisregistris taotluse vormil&nbsp;ei esitata eluruumide andmed&nbsp;nt. soojusvarustuse, soojusallika, energia liik. tualetid, pesemisv\u00f5ialus jms Riigil\u00f5ivu ei rakendu. Kui aga vajate [&hellip;]<\/p>\n","protected":false},"author":1,"featured_media":0,"parent":0,"menu_order":0,"comment_status":"closed","ping_status":"closed","template":"","meta":{"footnotes":""},"class_list":["post-188","page","type-page","status-publish","hentry"],"aioseo_notices":[],"_links":{"self":[{"href":"https:\/\/kasutusluba.tangovara.eu\/kasutusluba\/wp-json\/wp\/v2\/pages\/188","targetHints":{"allow":["GET"]}}],"collection":[{"href":"https:\/\/kasutusluba.tangovara.eu\/kasutusluba\/wp-json\/wp\/v2\/pages"}],"about":[{"href":"https:\/\/kasutusluba.tangovara.eu\/kasutusluba\/wp-json\/wp\/v2\/types\/page"}],"author":[{"embeddable":true,"href":"https:\/\/kasutusluba.tangovara.eu\/kasutusluba\/wp-json\/wp\/v2\/users\/1"}],"replies":[{"embeddable":true,"href":"https:\/\/kasutusluba.tangovara.eu\/kasutusluba\/wp-json\/wp\/v2\/comments?post=188"}],"version-history":[{"count":10,"href":"https:\/\/kasutusluba.tangovara.eu\/kasutusluba\/wp-json\/wp\/v2\/pages\/188\/revisions"}],"predecessor-version":[{"id":336,"href":"https:\/\/kasutusluba.tangovara.eu\/kasutusluba\/wp-json\/wp\/v2\/pages\/188\/revisions\/336"}],"wp:attachment":[{"href":"https:\/\/kasutusluba.tangovara.eu\/kasutusluba\/wp-json\/wp\/v2\/media?parent=188"}],"curies":[{"name":"wp","href":"https:\/\/api.w.org\/{rel}","templated":true}]}}